{"id":3,"date":"2025-08-26T15:30:53","date_gmt":"2025-08-26T15:30:53","guid":{"rendered":"http:\/\/llm-bridge.eu\/?page_id=3"},"modified":"2026-01-19T16:51:45","modified_gmt":"2026-01-19T16:51:45","slug":"privacy-policy","status":"publish","type":"page","link":"https:\/\/www.llm-bridge.eu\/da\/privacy-policy\/","title":{"rendered":"Fortrolighedspolitik"},"content":{"rendered":"<div data-elementor-type=\"wp-page\" data-elementor-id=\"3\" class=\"elementor elementor-3\">\n\t\t\t\t<div class=\"elementor-element elementor-element-695c3cef e-flex e-con-boxed e-con e-parent\" data-id=\"695c3cef\" data-element_type=\"container\" data-settings=\"{&quot;background_background&quot;:&quot;classic&quot;,&quot;shape_divider_top&quot;:&quot;curve&quot;,&quot;shape_divider_top_negative&quot;:&quot;yes&quot;,&quot;shape_divider_bottom&quot;:&quot;curve&quot;,&quot;shape_divider_bottom_negative&quot;:&quot;yes&quot;}\">\n\t\t\t\t\t<div class=\"e-con-inner\">\n\t\t\t\t<div class=\"elementor-shape elementor-shape-top\" aria-hidden=\"true\" data-negative=\"true\">\n\t\t\t<svg xmlns=\"http:\/\/www.w3.org\/2000\/svg\" viewbox=\"0 0 1000 100\" preserveaspectratio=\"none\">\n\t<path class=\"elementor-shape-fill\" d=\"M500,97C126.7,96.3,0.8,19.8,0,0v100l1000,0V1C1000,19.4,873.3,97.8,500,97z\"\/>\n<\/svg>\t\t<\/div>\n\t\t\t\t<div class=\"elementor-shape elementor-shape-bottom\" aria-hidden=\"true\" data-negative=\"true\">\n\t\t\t<svg xmlns=\"http:\/\/www.w3.org\/2000\/svg\" viewbox=\"0 0 1000 100\" preserveaspectratio=\"none\">\n\t<path class=\"elementor-shape-fill\" d=\"M500,97C126.7,96.3,0.8,19.8,0,0v100l1000,0V1C1000,19.4,873.3,97.8,500,97z\"\/>\n<\/svg>\t\t<\/div>\n\t\t\t\t<div class=\"elementor-element elementor-element-4cd91ab elementor-widget elementor-widget-spacer\" data-id=\"4cd91ab\" data-element_type=\"widget\" data-widget_type=\"spacer.default\">\n\t\t\t\t\t\t\t<div class=\"elementor-spacer\">\n\t\t\t<div class=\"elementor-spacer-inner\"><\/div>\n\t\t<\/div>\n\t\t\t\t\t\t<\/div>\n\t\t\t\t<div class=\"elementor-element elementor-element-6126987 elementor-widget elementor-widget-spacer\" data-id=\"6126987\" data-element_type=\"widget\" data-widget_type=\"spacer.default\">\n\t\t\t\t\t\t\t<div class=\"elementor-spacer\">\n\t\t\t<div class=\"elementor-spacer-inner\"><\/div>\n\t\t<\/div>\n\t\t\t\t\t\t<\/div>\n\t\t\t\t<div class=\"elementor-element elementor-element-db4f467 elementor-widget elementor-widget-text-editor\" data-id=\"db4f467\" data-element_type=\"widget\" data-widget_type=\"text-editor.default\">\n\t\t\t\t\t\t\t\t\t<h2><strong>Fortrolighedspolitik &amp; Juridiske meddelelser: LLM-BRIDGE<\/strong><\/h2>\n<h4><strong>Senest opdateret:<\/strong> januar 2026<\/h4>\n<h2>\u00a0<\/h2>\n<h2><strong>1. Udgiver og dataansvarlig<\/strong><\/h2>\n<p>Webstedet https:\/\/www.llm-bridge.eu\/ blev oprettet og offentliggjort af Alliance for Language Technologies (ALT-EDIC), et konsortium for en europ\u00e6isk digital infrastruktur, der blev oprettet ved Europa-Kommissionens afg\u00f8relse (EU) 2024\/458 og registreret i Frankrig som en sammenslutning (loi 1901), registreret under nummer W024005363 og SIRET-nummer 929 059 178 00012.<\/p>\n<p>Hjemmesiden <a href=\"https:\/\/www.llm-bridge.eu\/da\/\"><u><strong>https:\/\/www.llm-bridge.eu<\/strong><\/u><\/a> Det er den officielle platform for <strong>LLM-BRIDGE-projektet<\/strong>, et konsortium best\u00e5ende af 10 partnerorganisationer, der medfinansieres af Den Europ\u00e6iske Unions program for et digitalt Europa i henhold til tilskudsaftale nr. 101226136.<\/p>\n<p><strong>Projektkoordinator:<\/strong> Alliance for Sprogteknologier (ALT-EDIC)<\/p>\n<p><strong>Beliggenhed:<\/strong> 1 plads Aristide Briand, 02600 Villers-Cotter\u00eats, Frankrig<\/p>\n<p><strong>Kontakt e-mail:<\/strong> contact@llm-bridge.eu<\/p>\n<p><strong>Offentligg\u00f8relsesdirekt\u00f8r:<\/strong> Edouard Geoffrois<\/p>\n<p>I henhold til den generelle forordning om databeskyttelse (GDPR) <strong>Projektkoordinator<\/strong> fungerer som den prim\u00e6re dataansvarlige for webstedet, medmindre andet er angivet (se afsnit 5 vedr\u00f8rende det \u00e5bne udbud).<\/p>\n<h2><strong style=\"font-family: -apple-system, BlinkMacSystemFont, 'Segoe UI', Roboto, 'Helvetica Neue', Arial, 'Noto Sans', sans-serif, 'Apple Color Emoji', 'Segoe UI Emoji', 'Segoe UI Symbol', 'Noto Color Emoji';\">2. Hjemmeside-hosting<\/strong><\/h2>\n<p>Hjemmesiden er hostet af: OVH, 2 rue Kellermann, 59100 Roubaix, Frankrig.<\/p>\n<h2><strong style=\"font-family: -apple-system, BlinkMacSystemFont, 'Segoe UI', Roboto, 'Helvetica Neue', Arial, 'Noto Sans', sans-serif, 'Apple Color Emoji', 'Segoe UI Emoji', 'Segoe UI Symbol', 'Noto Color Emoji';\">3. Personlige data &amp; M\u00e5ling af publikum (Matomo)<\/strong><\/h2>\n<p>Vi begr\u00e6nser indsamlingen af personoplysninger til, hvad der er strengt n\u00f8dvendigt for udf\u00f8relsen og analysen af hjemmesiden.<\/p>\n<p><strong>Matomo Analytics<\/strong><\/p>\n<p>Vi bruger <strong>Matomo<\/strong> Analytics plugin til at forst\u00e5, hvordan bes\u00f8gende interagerer med vores hjemmeside.<\/p>\n<ul>\n<li><strong>Indsamlede data:<\/strong> Din IP-adresse (anonymiseret), geografiske placering (begr\u00e6nset til by\/omr\u00e5de) og browseradf\u00e6rd (bes\u00f8gte sider, brugt tid).<\/li>\n<li><strong>Form\u00e5l:<\/strong> At generere anonyme statistikker for at forbedre webstedets resultater og rapportere projektets effekt til Europa-Kommissionen.<\/li>\n<li><strong>Opbevaring:<\/strong> Data lagres p\u00e5 OVH's servere og deles ikke med parter uden for LLM-BRIDGE-konsortiet eller til kommercielle form\u00e5l.<\/li>\n<li>\n<p><strong>Samtykke:<\/strong> Ved at bes\u00f8ge vores hjemmeside accepterer du vores cookiepolitik.\u00a0<\/p>\n<\/li>\n<\/ul>\n<h4><strong>Kontaktformularer<\/strong><\/h4>\n<p>Hvis du kontakter os via e-mail eller en kontaktformular, indsamler vi dit navn og din e-mailadresse udelukkende for at svare p\u00e5 din foresp\u00f8rgsel. Disse data deles aldrig uden for konsortiet uden dit samtykke.<\/p>\n<h2><strong>4. H\u00e5ndtering af cookies<\/strong><\/h2>\n<p>Vores WordPress hjemmeside bruger cookies til at forbedre brugeroplevelsen.<\/p>\n<ul>\n<li>\n<p><strong>N\u00f8dvendige cookies:<\/strong> Kr\u00e6ves for at webstedet kan fungere (f.eks. login-sessioner for administratorer). Disse kr\u00e6ver ikke samtykke.<\/p>\n<\/li>\n<li>\n<p><strong>Analytiske cookies (Matomo):<\/strong> Bruges til at m\u00e5le trafikken.<\/p>\n<\/li>\n<li>\n<p><strong>Cookies til sociale medier:<\/strong> Hvis du bruger LinkedIn-delingsfunktionerne p\u00e5 vores websted, kan LinkedIn placere cookies p\u00e5 din enhed. Vi anbefaler at gennemg\u00e5 <a href=\"https:\/\/www.linkedin.com\/legal\/privacy-policy\"><u>LinkedIns privatlivspolitik<\/u><\/a>.<\/p>\n<\/li>\n<\/ul>\n<p><strong>S\u00e5dan frav\u00e6lger du:<\/strong> Du kan til enhver tid \u00e6ndre dine indstillinger ved at klikke p\u00e5 knappen \"Cookies\" i sidefoden p\u00e5 vores websted eller ved at bruge din browsers indstilling \"Do Not Track\" (DNT).<\/p>\n<h2><strong>5. LLM-BRIDGE's \u00e5bne udbud<\/strong><\/h2>\n<p>LLM-BRIDGE-projektet omfatter flere <strong>\u00c5bne indkaldelser<\/strong> for eksterne deltagere.\u00a0<\/p>\n<ul>\n<li>\n<p><strong>Omdirigering:<\/strong> N\u00e5r du klikker p\u00e5 \"Ans\u00f8g nu\" eller \"Ans\u00f8gningsformular\" for et \u00e5bent udbud, bliver du omdirigeret til en ekstern platform, Hubspot.<\/p>\n<\/li>\n<li>\n<p><strong>Specifik dataansvarlig:<\/strong>\u00a0<strong>28DIGITAL<\/strong> fungerer som uafh\u00e6ngig dataansvarlig for alle personoplysninger, der indsamles gennem den \u00e5bne udbudsprocedure.<\/p>\n<\/li>\n<li>\n<p><strong>Anvendelsesomr\u00e5de:<\/strong> LLM-BRIDGE-konsortiets medlemmer (hvis de er godkendt) og Europa-Kommissionen vil have adgang til disse data med henblik p\u00e5 evaluering, indg\u00e5else af kontrakter og revision.<\/p>\n<\/li>\n<li>\n<p><strong>Politik:<\/strong> Se den specifikke privatlivspolitik, der findes p\u00e5 den eksterne ans\u00f8gningsplatform, for at f\u00e5 oplysninger om, hvordan dine ans\u00f8gningsdata h\u00e5ndteres.<\/p>\n<\/li>\n<\/ul>\n<h2><strong>6. Datadeling &amp; - opbevaring<\/strong><\/h2>\n<ul>\n<li>\n<p><strong>Konsortiumadgang:<\/strong> Data m\u00e5 kun deles mellem de 10 medlemmer af LLM-BRIDGE-konsortiet, n\u00e5r det er n\u00f8dvendigt af hensyn til projektm\u00e5lene.<\/p>\n<\/li>\n<li>\n<p><strong>EU-forpligtelser:<\/strong> Vi kan dele anonymiserede statistikker med Europa-Kommissionen som led i vores rapporteringsforpligtelser.<\/p>\n<\/li>\n<li>\n<p><strong>Tilbageholdelse:<\/strong> Personoplysninger vedr\u00f8rende foresp\u00f8rgsler p\u00e5 websteder opbevares i projektets varighed (3 \u00e5r) plus 5 \u00e5r for at overholde EU's revisionskrav.<\/p>\n<\/li>\n<\/ul>\n<h3><strong>LLM-BRIDGE's \u00e5bne udbud<\/strong><\/h3>\n<p><strong>Datadeling med henblik p\u00e5 evaluering:<\/strong> N\u00e5r du ans\u00f8ger om et \u00e5bent udbud, indsamles dine data af <strong>28DIGITAL<\/strong>. For at gennemf\u00f8re projektets udv\u00e6lgelsesproces kan disse data dog deles med bemyndigede repr\u00e6sentanter fra <strong>10 medlemmer af konsortiet LLM-BRIDGE<\/strong> og potentielt eksterne uafh\u00e6ngige eksperter.<\/p>\n<p>Denne deling er strengt begr\u00e6nset til f\u00f8lgende form\u00e5l:<\/p>\n<ul>\n<li>\n<p><strong>Evaluering &amp; amp; Udv\u00e6lgelse:<\/strong> Vurdering af dit forslags st\u00f8tteberettigelse og kvalitet.<\/p>\n<\/li>\n<li>\n<p><strong>Kontraktindg\u00e5else:<\/strong> Udarbejdelse af finansielle st\u00f8tteaftaler for udvalgte ans\u00f8gere.<\/p>\n<\/li>\n<li>\n<p><strong>Projektledelse:<\/strong> Overv\u00e5gning af gennemf\u00f8relsen af de udvalgte projekter.<\/p>\n<\/li>\n<li>\n<p><strong>Revision &amp; - rapportering:<\/strong> Deling af de n\u00f8dvendige oplysninger med Europa-Kommissionen eller revisorer for at bevise lovligheden af fordelingen af midler.<\/p>\n<\/li>\n<\/ul>\n<h2><strong>7. Dine rettigheder<\/strong><\/h2>\n<p>I henhold til GDPR har du f\u00f8lgende rettigheder vedr\u00f8rende dine data:<\/p>\n<ul>\n<li>\n<p><strong>Adgang og berigtigelse:<\/strong> Du kan bede om en kopi af dine data eller anmode om rettelser.<\/p>\n<\/li>\n<li>\n<p><strong>Sletning (\"retten til at blive glemt\"):<\/strong> Du kan anmode om, at vi sletter dine personoplysninger.<\/p>\n<\/li>\n<li>\n<p><strong>Form\u00e5l med behandlingen:<\/strong> Du kan g\u00f8re indsigelse mod vores brug af dine data til statistiske form\u00e5l.<\/p>\n<\/li>\n<\/ul>\n<p>For at ud\u00f8ve disse rettigheder bedes du kontakte LLM-BRIDGE-konsortiet: kontakt@llm-bridge.eu<\/p>\n<h2><strong>8. Intellektuel ejendomsret<\/strong><\/h2>\n<ul>\n<li>\n<p><strong>Varem\u00e6rker:<\/strong> LLM-BRIDGE logo og navn er beskyttet. Enhver uautoriseret gengivelse er forbudt.<\/p>\n<\/li>\n<li>\n<p><strong>Indhold:<\/strong> Medmindre andet er angivet, tilh\u00f8rer tekstindhold og medier p\u00e5 dette websted LLM-BRIDGE Consortium.<\/p>\n<\/li>\n<li>\n<p><strong>Eksterne links:<\/strong> Vi er ikke ansvarlige for indholdet eller privatlivspraksis p\u00e5 eksterne websteder, der er linket fra vores platform (herunder sociale medier og den \u00e5bne opkaldsplatform).<\/p>\n<\/li>\n<\/ul>\t\t\t\t\t\t\t\t<\/div>\n\t\t\t\t<div class=\"elementor-element elementor-element-de524ee elementor-widget elementor-widget-spacer\" data-id=\"de524ee\" data-element_type=\"widget\" data-widget_type=\"spacer.default\">\n\t\t\t\t\t\t\t<div class=\"elementor-spacer\">\n\t\t\t<div class=\"elementor-spacer-inner\"><\/div>\n\t\t<\/div>\n\t\t\t\t\t\t<\/div>\n\t\t\t\t\t<\/div>\n\t\t\t\t<\/div>\n\t\t\t\t<\/div>","protected":false},"excerpt":{"rendered":"<p>Fortrolighedspolitik &amp; Juridiske meddelelser: LLM-BRIDGE Senest opdateret: 1. januar 2026. Udgiver og dataansvarlig Webstedet https:\/\/www.llm-bridge.eu\/ blev oprettet og offentliggjort af Alliance for Language Technologies (ALT-EDIC), et konsortium for en europ\u00e6isk digital infrastruktur, der er oprettet ved Europa-Kommissionens afg\u00f8relse (EU) 2024\/458 og registreret i Frankrig som en sammenslutning (loi 1901), registreret under [...]<\/p>","protected":false},"author":1,"featured_media":0,"parent":0,"menu_order":0,"comment_status":"closed","ping_status":"open","template":"","meta":{"footnotes":""},"class_list":["post-3","page","type-page","status-publish","hentry"],"_links":{"self":[{"href":"https:\/\/www.llm-bridge.eu\/da\/wp-json\/wp\/v2\/pages\/3","targetHints":{"allow":["GET"]}}],"collection":[{"href":"https:\/\/www.llm-bridge.eu\/da\/wp-json\/wp\/v2\/pages"}],"about":[{"href":"https:\/\/www.llm-bridge.eu\/da\/wp-json\/wp\/v2\/types\/page"}],"author":[{"embeddable":true,"href":"https:\/\/www.llm-bridge.eu\/da\/wp-json\/wp\/v2\/users\/1"}],"replies":[{"embeddable":true,"href":"https:\/\/www.llm-bridge.eu\/da\/wp-json\/wp\/v2\/comments?post=3"}],"version-history":[{"count":6,"href":"https:\/\/www.llm-bridge.eu\/da\/wp-json\/wp\/v2\/pages\/3\/revisions"}],"predecessor-version":[{"id":612,"href":"https:\/\/www.llm-bridge.eu\/da\/wp-json\/wp\/v2\/pages\/3\/revisions\/612"}],"wp:attachment":[{"href":"https:\/\/www.llm-bridge.eu\/da\/wp-json\/wp\/v2\/media?parent=3"}],"curies":[{"name":"wp","href":"https:\/\/api.w.org\/{rel}","templated":true}]}}