{"id":128,"date":"2026-03-17T16:21:30","date_gmt":"2026-03-17T15:21:30","guid":{"rendered":"https:\/\/llm-bridge.eu\/?page_id=128"},"modified":"2026-03-17T21:17:41","modified_gmt":"2026-03-17T20:17:41","slug":"infoday-webinar","status":"publish","type":"page","link":"https:\/\/www.llm-bridge.eu\/et\/open-call-for-incubator\/infoday-webinar\/","title":{"rendered":"KKK"},"content":{"rendered":"<div data-elementor-type=\"wp-page\" data-elementor-id=\"128\" class=\"elementor elementor-128\">\n\t\t\t\t<div class=\"elementor-element elementor-element-d9a0d9d e-con-full e-flex e-con e-parent\" data-id=\"d9a0d9d\" data-element_type=\"container\" data-settings=\"{&quot;background_background&quot;:&quot;classic&quot;,&quot;shape_divider_top&quot;:&quot;curve&quot;,&quot;shape_divider_top_negative&quot;:&quot;yes&quot;}\">\n\t\t\t\t<div class=\"elementor-shape elementor-shape-top\" aria-hidden=\"true\" data-negative=\"true\">\n\t\t\t<svg xmlns=\"http:\/\/www.w3.org\/2000\/svg\" viewbox=\"0 0 1000 100\" preserveaspectratio=\"none\">\n\t<path class=\"elementor-shape-fill\" d=\"M500,97C126.7,96.3,0.8,19.8,0,0v100l1000,0V1C1000,19.4,873.3,97.8,500,97z\"\/>\n<\/svg>\t\t<\/div>\n\t\t<div class=\"elementor-element elementor-element-f20aec5 e-con-full e-flex e-con e-child\" data-id=\"f20aec5\" data-element_type=\"container\">\n\t\t\t\t<div class=\"elementor-element elementor-element-24a93f0 elementor-widget elementor-widget-spacer\" data-id=\"24a93f0\" data-element_type=\"widget\" data-widget_type=\"spacer.default\">\n\t\t\t\t\t\t\t<div class=\"elementor-spacer\">\n\t\t\t<div class=\"elementor-spacer-inner\"><\/div>\n\t\t<\/div>\n\t\t\t\t\t\t<\/div>\n\t\t\t\t<div class=\"elementor-element elementor-element-bda396c elementor-widget elementor-widget-heading\" data-id=\"bda396c\" data-element_type=\"widget\" data-widget_type=\"heading.default\">\n\t\t\t\t\t<h2 class=\"elementor-heading-title elementor-size-default\">Avatud inkubaatorite konkurss \u2013 ressursid &amp; KKK<\/h2>\t\t\t\t<\/div>\n\t\t\t\t<div class=\"elementor-element elementor-element-0681e2e elementor-widget elementor-widget-text-editor\" data-id=\"0681e2e\" data-element_type=\"widget\" data-widget_type=\"text-editor.default\">\n\t\t\t\t\t\t\t\t\t<p>Allpool leiate k\u00f5ik meie hiljutise Infosay veebiseminari materjalid, sealhulgas slaidid, otse\u00fclekande salvestus ja vastused korduma kippuvatele k\u00fcsimustele. Tutvuge nende materjalidega, et saada lisateavet inkubaatorite avatud konkursi ja kandideerimise kohta.<\/p>\t\t\t\t\t\t\t\t<\/div>\n\t\t\t\t<\/div>\n\t\t\t\t<div class=\"elementor-element elementor-element-c7b40ac elementor-widget-divider--view-line elementor-widget elementor-widget-divider\" data-id=\"c7b40ac\" data-element_type=\"widget\" data-widget_type=\"divider.default\">\n\t\t\t\t\t\t\t<div class=\"elementor-divider\">\n\t\t\t<span class=\"elementor-divider-separator\">\n\t\t\t\t\t\t<\/span>\n\t\t<\/div>\n\t\t\t\t\t\t<\/div>\n\t\t\t\t<\/div>\n\t\t<div class=\"elementor-element elementor-element-d5a77f6 e-flex e-con-boxed e-con e-parent\" data-id=\"d5a77f6\" data-element_type=\"container\" data-settings=\"{&quot;background_background&quot;:&quot;classic&quot;}\">\n\t\t\t\t\t<div class=\"e-con-inner\">\n\t\t<div class=\"elementor-element elementor-element-18807ca e-con-full e-flex e-con e-child\" data-id=\"18807ca\" data-element_type=\"container\">\n\t\t\t\t<div class=\"elementor-element elementor-element-0364802 elementor-widget elementor-widget-spacer\" data-id=\"0364802\" data-element_type=\"widget\" data-widget_type=\"spacer.default\">\n\t\t\t\t\t\t\t<div class=\"elementor-spacer\">\n\t\t\t<div class=\"elementor-spacer-inner\"><\/div>\n\t\t<\/div>\n\t\t\t\t\t\t<\/div>\n\t\t\t\t<\/div>\n\t\t<div class=\"elementor-element elementor-element-97ef049 e-con-full e-flex e-con e-child\" data-id=\"97ef049\" data-element_type=\"container\">\n\t\t\t\t<div class=\"elementor-element elementor-element-a43be82 elementor-widget elementor-widget-heading\" data-id=\"a43be82\" data-element_type=\"widget\" data-widget_type=\"heading.default\">\n\t\t\t\t\t<h2 class=\"elementor-heading-title elementor-size-default\">Vaata kogu infosessiooni<\/h2>\t\t\t\t<\/div>\n\t\t\t\t<div class=\"elementor-element elementor-element-46d2b17 elementor-widget elementor-widget-video\" data-id=\"46d2b17\" data-element_type=\"widget\" data-settings=\"{&quot;video_type&quot;:&quot;hosted&quot;,&quot;controls&quot;:&quot;yes&quot;}\" data-widget_type=\"video.default\">\n\t\t\t\t\t\t\t<div class=\"e-hosted-video elementor-wrapper elementor-open-inline\">\n\t\t\t\t\t<video class=\"elementor-video\" src=\"https:\/\/www.llm-bridge.eu\/wp-content\/uploads\/2026\/03\/Short-version-Info-Session-LLM-BRIGDE-Venture-Incubation-Programme-Open-Call-for-Incubators-1st-Call-20260225_100019UTC-Meeting-Recording.mp4\" controls=\"\" preload=\"metadata\" controlslist=\"nodownload\"><\/video>\n\t\t\t\t<\/div>\n\t\t\t\t\t\t<\/div>\n\t\t\t\t<div class=\"elementor-element elementor-element-cc8916f elementor-widget elementor-widget-text-editor\" data-id=\"cc8916f\" data-element_type=\"widget\" data-widget_type=\"text-editor.default\">\n\t\t\t\t\t\t\t\t\t<p>J\u00e4id otse\u00fclekandest ilma? P\u00fc\u00fca kinni k\u00f5igest, mida pead teadma!<\/p>\t\t\t\t\t\t\t\t<\/div>\n\t\t\t\t<\/div>\n\t\t<div class=\"elementor-element elementor-element-b47df65 e-con-full e-flex e-con e-child\" data-id=\"b47df65\" data-element_type=\"container\">\n\t\t\t\t<div class=\"elementor-element elementor-element-f146ae6 elementor-widget elementor-widget-spacer\" data-id=\"f146ae6\" data-element_type=\"widget\" data-widget_type=\"spacer.default\">\n\t\t\t\t\t\t\t<div class=\"elementor-spacer\">\n\t\t\t<div class=\"elementor-spacer-inner\"><\/div>\n\t\t<\/div>\n\t\t\t\t\t\t<\/div>\n\t\t\t\t<\/div>\n\t\t\t\t\t<\/div>\n\t\t\t\t<\/div>\n\t\t<div class=\"elementor-element elementor-element-7c82b74 e-flex e-con-boxed e-con e-parent\" data-id=\"7c82b74\" data-element_type=\"container\" data-settings=\"{&quot;background_background&quot;:&quot;classic&quot;}\">\n\t\t\t\t\t<div class=\"e-con-inner\">\n\t\t\t\t<div class=\"elementor-element elementor-element-5af1c86 elementor-widget-divider--view-line elementor-widget elementor-widget-divider\" data-id=\"5af1c86\" data-element_type=\"widget\" data-widget_type=\"divider.default\">\n\t\t\t\t\t\t\t<div class=\"elementor-divider\">\n\t\t\t<span class=\"elementor-divider-separator\">\n\t\t\t\t\t\t<\/span>\n\t\t<\/div>\n\t\t\t\t\t\t<\/div>\n\t\t\t\t\t<\/div>\n\t\t\t\t<\/div>\n\t\t<div class=\"elementor-element elementor-element-8ad2bb2 e-con-full e-flex e-con e-parent\" data-id=\"8ad2bb2\" data-element_type=\"container\" data-settings=\"{&quot;background_background&quot;:&quot;classic&quot;}\">\n\t\t<div class=\"elementor-element elementor-element-75d3e7a e-con-full e-flex e-con e-child\" data-id=\"75d3e7a\" data-element_type=\"container\">\n\t\t\t\t<div class=\"elementor-element elementor-element-9fde338 elementor-align-center elementor-widget elementor-widget-button\" data-id=\"9fde338\" data-element_type=\"widget\" data-widget_type=\"button.default\">\n\t\t\t\t\t\t\t\t\t\t<a class=\"elementor-button elementor-button-link elementor-size-sm elementor-animation-grow\" href=\"https:\/\/www.llm-bridge.eu\/wp-content\/uploads\/2026\/03\/LLM-BRIDGE-Venture-Incubation-Programme-Open-Call-for-Incubators-1st-Call-Webinar-PPT-1.pdf\">\n\t\t\t\t\t\t<span class=\"elementor-button-content-wrapper\">\n\t\t\t\t\t\t\t\t\t<span class=\"elementor-button-text\">Laadige alla infosessiooni slaidid<\/span>\n\t\t\t\t\t<\/span>\n\t\t\t\t\t<\/a>\n\t\t\t\t\t\t\t\t<\/div>\n\t\t\t\t<div class=\"elementor-element elementor-element-a9f38bf elementor-widget elementor-widget-text-editor\" data-id=\"a9f38bf\" data-element_type=\"widget\" data-widget_type=\"text-editor.default\">\n\t\t\t\t\t\t\t\t\t<p>Hankige t\u00e4ielik esitlus meie avatud inkubaatorite veebiseminarilt.<\/p>\t\t\t\t\t\t\t\t<\/div>\n\t\t\t\t<\/div>\n\t\t<div class=\"elementor-element elementor-element-1104835 e-con-full e-flex e-con e-child\" data-id=\"1104835\" data-element_type=\"container\">\n\t\t\t\t<div class=\"elementor-element elementor-element-6be225b elementor-widget elementor-widget-button\" data-id=\"6be225b\" data-element_type=\"widget\" data-widget_type=\"button.default\">\n\t\t\t\t\t\t\t\t\t\t<a class=\"elementor-button elementor-button-link elementor-size-sm elementor-animation-grow\" href=\"https:\/\/www.llm-bridge.eu\/wp-content\/uploads\/2026\/03\/LLM-BRIDGE-Open-Call-for-Incubators-Infoday-FAQs.pdf\">\n\t\t\t\t\t\t<span class=\"elementor-button-content-wrapper\">\n\t\t\t\t\t\t\t\t\t<span class=\"elementor-button-text\">Tutvuge korduma kippuvate k\u00fcsimustega veebiseminaril<\/span>\n\t\t\t\t\t<\/span>\n\t\t\t\t\t<\/a>\n\t\t\t\t\t\t\t\t<\/div>\n\t\t\t\t<div class=\"elementor-element elementor-element-035c2ab elementor-widget elementor-widget-text-editor\" data-id=\"035c2ab\" data-element_type=\"widget\" data-widget_type=\"text-editor.default\">\n\t\t\t\t\t\t\t\t\t<p>Sirvige meie korduma kippuvate k\u00fcsimuste dokumenti, et saada vastused avatud projektikonkursi \u00fcldistele k\u00fcsimustele.<\/p>\t\t\t\t\t\t\t\t<\/div>\n\t\t\t\t<\/div>\n\t\t\t\t<\/div>\n\t\t<div class=\"elementor-element elementor-element-2631019 e-con-full e-flex e-con e-parent\" data-id=\"2631019\" data-element_type=\"container\" data-settings=\"{&quot;background_background&quot;:&quot;classic&quot;,&quot;shape_divider_bottom&quot;:&quot;curve&quot;,&quot;shape_divider_bottom_negative&quot;:&quot;yes&quot;}\">\n\t\t\t\t<div class=\"elementor-shape elementor-shape-bottom\" aria-hidden=\"true\" data-negative=\"true\">\n\t\t\t<svg xmlns=\"http:\/\/www.w3.org\/2000\/svg\" viewbox=\"0 0 1000 100\" preserveaspectratio=\"none\">\n\t<path class=\"elementor-shape-fill\" d=\"M500,97C126.7,96.3,0.8,19.8,0,0v100l1000,0V1C1000,19.4,873.3,97.8,500,97z\"\/>\n<\/svg>\t\t<\/div>\n\t\t\t\t<div class=\"elementor-element elementor-element-db27336 elementor-widget elementor-widget-heading\" data-id=\"db27336\" data-element_type=\"widget\" data-widget_type=\"heading.default\">\n\t\t\t\t\t<h2 class=\"elementor-heading-title elementor-size-default\">Valmis kandideerima?<\/h2>\t\t\t\t<\/div>\n\t\t\t\t<div class=\"elementor-element elementor-element-dc18bc1 elementor-widget elementor-widget-text-editor\" data-id=\"dc18bc1\" data-element_type=\"widget\" data-widget_type=\"text-editor.default\">\n\t\t\t\t\t\t\t\t\t<p>Viimane kutse kandideerimiseks! Vaadake \u00fcle \u00fclaltoodud materjalid ja esitage oma taotlus enne 23. m\u00e4rtsi kl 17.00 Kesk-Euroopa aja j\u00e4rgi.<\/p>\t\t\t\t\t\t\t\t<\/div>\n\t\t\t\t<div class=\"elementor-element elementor-element-111dbcd elementor-align-center elementor-widget elementor-widget-button\" data-id=\"111dbcd\" data-element_type=\"widget\" data-widget_type=\"button.default\">\n\t\t\t\t\t\t\t\t\t\t<a class=\"elementor-button elementor-button-link elementor-size-sm elementor-animation-grow\" href=\"https:\/\/share.hsforms.com\/1M9e8MG94To6Yey0kPWhNOAf4os\">\n\t\t\t\t\t\t<span class=\"elementor-button-content-wrapper\">\n\t\t\t\t\t\t\t\t\t<span class=\"elementor-button-text\">Rakenda kohe<\/span>\n\t\t\t\t\t<\/span>\n\t\t\t\t\t<\/a>\n\t\t\t\t\t\t\t\t<\/div>\n\t\t\t\t<div class=\"elementor-element elementor-element-54a96e0 elementor-widget elementor-widget-spacer\" data-id=\"54a96e0\" data-element_type=\"widget\" data-widget_type=\"spacer.default\">\n\t\t\t\t\t\t\t<div class=\"elementor-spacer\">\n\t\t\t<div class=\"elementor-spacer-inner\"><\/div>\n\t\t<\/div>\n\t\t\t\t\t\t<\/div>\n\t\t\t\t<\/div>\n\t\t\t\t<\/div>","protected":false},"excerpt":{"rendered":"<p>Avatud \u00fcleskutse inkubaatoritele \u2013 ressursid &amp; KKK Allpool leiate k\u00f5ik meie hiljutise Infosay veebiseminari materjalid, sealhulgas slaidid, reaalajas seansi salvestus ja vastused korduma kippuvatele k\u00fcsimustele. Tutvuge nende materjalidega, et saada lisateavet inkubaatorite avatud konkursi ja kandideerimise kohta. Vaata kogu infosessiooni [\u2026]<\/p>","protected":false},"author":2,"featured_media":0,"parent":118,"menu_order":0,"comment_status":"closed","ping_status":"closed","template":"","meta":{"footnotes":""},"class_list":["post-128","page","type-page","status-publish","hentry"],"_links":{"self":[{"href":"https:\/\/www.llm-bridge.eu\/et\/wp-json\/wp\/v2\/pages\/128","targetHints":{"allow":["GET"]}}],"collection":[{"href":"https:\/\/www.llm-bridge.eu\/et\/wp-json\/wp\/v2\/pages"}],"about":[{"href":"https:\/\/www.llm-bridge.eu\/et\/wp-json\/wp\/v2\/types\/page"}],"author":[{"embeddable":true,"href":"https:\/\/www.llm-bridge.eu\/et\/wp-json\/wp\/v2\/users\/2"}],"replies":[{"embeddable":true,"href":"https:\/\/www.llm-bridge.eu\/et\/wp-json\/wp\/v2\/comments?post=128"}],"version-history":[{"count":71,"href":"https:\/\/www.llm-bridge.eu\/et\/wp-json\/wp\/v2\/pages\/128\/revisions"}],"predecessor-version":[{"id":790,"href":"https:\/\/www.llm-bridge.eu\/et\/wp-json\/wp\/v2\/pages\/128\/revisions\/790"}],"up":[{"embeddable":true,"href":"https:\/\/www.llm-bridge.eu\/et\/wp-json\/wp\/v2\/pages\/118"}],"wp:attachment":[{"href":"https:\/\/www.llm-bridge.eu\/et\/wp-json\/wp\/v2\/media?parent=128"}],"curies":[{"name":"wp","href":"https:\/\/api.w.org\/{rel}","templated":true}]}}