{"id":111,"date":"2026-01-08T12:25:10","date_gmt":"2026-01-08T12:25:10","guid":{"rendered":"https:\/\/llm-bridge.eu\/?page_id=111"},"modified":"2026-04-16T13:33:47","modified_gmt":"2026-04-16T12:33:47","slug":"home","status":"publish","type":"page","link":"https:\/\/www.llm-bridge.eu\/fi\/","title":{"rendered":"Etusivu"},"content":{"rendered":"<div data-elementor-type=\"wp-page\" data-elementor-id=\"111\" class=\"elementor elementor-111\">\n\t\t\t\t<div class=\"elementor-element elementor-element-c54e8c5 e-flex e-con-boxed e-con e-parent\" data-id=\"c54e8c5\" data-element_type=\"container\" data-settings=\"{&quot;background_background&quot;:&quot;classic&quot;,&quot;shape_divider_top&quot;:&quot;curve&quot;,&quot;shape_divider_top_negative&quot;:&quot;yes&quot;}\">\n\t\t\t\t\t<div class=\"e-con-inner\">\n\t\t\t\t<div class=\"elementor-shape elementor-shape-top\" aria-hidden=\"true\" data-negative=\"true\">\n\t\t\t<svg xmlns=\"http:\/\/www.w3.org\/2000\/svg\" viewbox=\"0 0 1000 100\" preserveaspectratio=\"none\">\n\t<path class=\"elementor-shape-fill\" d=\"M500,97C126.7,96.3,0.8,19.8,0,0v100l1000,0V1C1000,19.4,873.3,97.8,500,97z\"\/>\n<\/svg>\t\t<\/div>\n\t\t\t\t<div class=\"elementor-element elementor-element-bcc9bbf elementor-widget elementor-widget-spacer\" data-id=\"bcc9bbf\" data-element_type=\"widget\" data-widget_type=\"spacer.default\">\n\t\t\t\t\t\t\t<div class=\"elementor-spacer\">\n\t\t\t<div class=\"elementor-spacer-inner\"><\/div>\n\t\t<\/div>\n\t\t\t\t\t\t<\/div>\n\t\t<div class=\"elementor-element elementor-element-d79fda8 e-flex e-con-boxed e-con e-child\" data-id=\"d79fda8\" data-element_type=\"container\">\n\t\t\t\t\t<div class=\"e-con-inner\">\n\t\t\t\t<div class=\"elementor-element elementor-element-e62b35b elementor-widget elementor-widget-spacer\" data-id=\"e62b35b\" data-element_type=\"widget\" data-widget_type=\"spacer.default\">\n\t\t\t\t\t\t\t<div class=\"elementor-spacer\">\n\t\t\t<div class=\"elementor-spacer-inner\"><\/div>\n\t\t<\/div>\n\t\t\t\t\t\t<\/div>\n\t\t\t\t<div class=\"elementor-element elementor-element-4fad9fd elementor-invisible elementor-widget elementor-widget-heading\" data-id=\"4fad9fd\" data-element_type=\"widget\" data-settings=\"{&quot;_animation&quot;:&quot;bounceInLeft&quot;}\" data-widget_type=\"heading.default\">\n\t\t\t\t\t<h2 class=\"elementor-heading-title elementor-size-default\">Eurooppalaisten innovaatioiden skaalaaminen LLM:n avulla<\/h2>\t\t\t\t<\/div>\n\t\t<div class=\"elementor-element elementor-element-fc9f4f6 e-flex e-con-boxed e-con e-child\" data-id=\"fc9f4f6\" data-element_type=\"container\">\n\t\t\t\t\t<div class=\"e-con-inner\">\n\t\t\t\t<div class=\"elementor-element elementor-element-823de3a elementor-widget elementor-widget-text-editor\" data-id=\"823de3a\" data-element_type=\"widget\" data-widget_type=\"text-editor.default\">\n\t\t\t\t\t\t\t\t\t<p>LLM Booster for Regional Innovation and Digital Growth in Europe -hanke (LLM-BRIDGE) tukee eurooppalaisia startup- ja scaleup-yrityksi\u00e4 suurten kielimallien (LLM) nopeasti kasvavalla alalla.<\/p><p>LLM-BRIDGE-hankkeen tavoitteena on vahvistaa kansallisia GenAI-ekosysteemej\u00e4 varustamalla startup-yritykset, scaleup-yritykset, yrityshautomot ja sijoittajat tuella, jota tarvitaan LLM-pohjaisten tuotteiden rakentamiseen ja k\u00e4ytt\u00f6\u00f6nottoon.<\/p><p>Hanke kokoaa yhteen konsortion, johon kuuluu kumppaneita kymmenest\u00e4 Euroopan maasta. <a href=\"https:\/\/www.alt-edic.eu\/\">Kieliteknologian allianssi<\/a> (ALT-EDIC). Kumppanien t\u00e4ydent\u00e4v\u00e4\u00e4 osaamista startup-yritysten ja teko\u00e4lyyn perustuvan innovoinnin tukemisessa vahvistaa niiden tekninen asiantuntemus GenAI:ssa ja LLM:ss\u00e4. T\u00e4m\u00e4 ominaisuus auttaa osallistuvia startup- ja scaleup-yrityksi\u00e4 integroimaan LLM: t vastuullisesti ja mittakaavassa. Konsortio toteuttaa yhdess\u00e4 kolme kohdennettua tukiohjelmaa, joissa keskityt\u00e4\u00e4n elinik\u00e4isen oppimisen ohjelmiin.<\/p>\t\t\t\t\t\t\t\t<\/div>\n\t\t\t\t\t<\/div>\n\t\t\t\t<\/div>\n\t\t\t\t<div class=\"elementor-element elementor-element-0dc24c8 elementor-align-center elementor-widget elementor-widget-button\" data-id=\"0dc24c8\" data-element_type=\"widget\" data-widget_type=\"button.default\">\n\t\t\t\t\t\t\t\t\t\t<a class=\"elementor-button elementor-button-link elementor-size-sm elementor-animation-grow\" href=\"https:\/\/www.llm-bridge.eu\/fi\/about-llm-bridge\/\">\n\t\t\t\t\t\t<span class=\"elementor-button-content-wrapper\">\n\t\t\t\t\t\t\t\t\t<span class=\"elementor-button-text\">Lue lis\u00e4\u00e4<\/span>\n\t\t\t\t\t<\/span>\n\t\t\t\t\t<\/a>\n\t\t\t\t\t\t\t\t<\/div>\n\t\t\t\t<div class=\"elementor-element elementor-element-aab948d elementor-widget elementor-widget-spacer\" data-id=\"aab948d\" data-element_type=\"widget\" data-widget_type=\"spacer.default\">\n\t\t\t\t\t\t\t<div class=\"elementor-spacer\">\n\t\t\t<div class=\"elementor-spacer-inner\"><\/div>\n\t\t<\/div>\n\t\t\t\t\t\t<\/div>\n\t\t\t\t\t<\/div>\n\t\t\t\t<\/div>\n\t\t<div class=\"elementor-element elementor-element-2f48f18 e-grid e-con-full e-con e-child\" data-id=\"2f48f18\" data-element_type=\"container\" data-settings=\"{&quot;background_background&quot;:&quot;classic&quot;}\">\n\t\t\t\t<div class=\"elementor-element elementor-element-5f58d6a elementor-invisible elementor-widget elementor-widget-image\" data-id=\"5f58d6a\" data-element_type=\"widget\" data-settings=\"{&quot;_animation&quot;:&quot;bounceInLeft&quot;}\" data-widget_type=\"image.default\">\n\t\t\t\t\t\t\t\t\t\t\t\t\t\t\t<img fetchpriority=\"high\" decoding=\"async\" width=\"800\" height=\"800\" src=\"https:\/\/www.llm-bridge.eu\/wp-content\/uploads\/2026\/01\/10-partners.png\" class=\"attachment-large size-large wp-image-257\" alt=\"Numero 10\" srcset=\"https:\/\/www.llm-bridge.eu\/wp-content\/uploads\/2026\/01\/10-partners.png 1024w, https:\/\/www.llm-bridge.eu\/wp-content\/uploads\/2026\/01\/10-partners-300x300.png 300w, https:\/\/www.llm-bridge.eu\/wp-content\/uploads\/2026\/01\/10-partners-150x150.png 150w, https:\/\/www.llm-bridge.eu\/wp-content\/uploads\/2026\/01\/10-partners-768x768.png 768w\" sizes=\"(max-width: 800px) 100vw, 800px\" \/>\t\t\t\t\t\t\t\t\t\t\t\t\t\t\t<\/div>\n\t\t\t\t<div class=\"elementor-element elementor-element-d59d635 elementor-invisible elementor-widget elementor-widget-image\" data-id=\"d59d635\" data-element_type=\"widget\" data-settings=\"{&quot;_animation&quot;:&quot;bounceInDown&quot;}\" data-widget_type=\"image.default\">\n\t\t\t\t\t\t\t\t\t\t\t\t\t\t\t<img decoding=\"async\" width=\"800\" height=\"800\" src=\"https:\/\/www.llm-bridge.eu\/wp-content\/uploads\/2026\/01\/9-3.png\" class=\"attachment-large size-large wp-image-179\" alt=\"kuvake numerolla 10\" srcset=\"https:\/\/www.llm-bridge.eu\/wp-content\/uploads\/2026\/01\/9-3.png 1024w, https:\/\/www.llm-bridge.eu\/wp-content\/uploads\/2026\/01\/9-3-300x300.png 300w, https:\/\/www.llm-bridge.eu\/wp-content\/uploads\/2026\/01\/9-3-150x150.png 150w, https:\/\/www.llm-bridge.eu\/wp-content\/uploads\/2026\/01\/9-3-768x768.png 768w\" sizes=\"(max-width: 800px) 100vw, 800px\" \/>\t\t\t\t\t\t\t\t\t\t\t\t\t\t\t<\/div>\n\t\t\t\t<div class=\"elementor-element elementor-element-e095e02 elementor-invisible elementor-widget elementor-widget-image\" data-id=\"e095e02\" data-element_type=\"widget\" data-settings=\"{&quot;_animation&quot;:&quot;bounceInRight&quot;}\" data-widget_type=\"image.default\">\n\t\t\t\t\t\t\t\t\t\t\t\t\t\t\t<img decoding=\"async\" width=\"800\" height=\"800\" src=\"https:\/\/www.llm-bridge.eu\/wp-content\/uploads\/2026\/01\/9-2.png\" class=\"attachment-large size-large wp-image-180\" alt=\"kuvake numerolla 3\" srcset=\"https:\/\/www.llm-bridge.eu\/wp-content\/uploads\/2026\/01\/9-2.png 1024w, https:\/\/www.llm-bridge.eu\/wp-content\/uploads\/2026\/01\/9-2-300x300.png 300w, https:\/\/www.llm-bridge.eu\/wp-content\/uploads\/2026\/01\/9-2-150x150.png 150w, https:\/\/www.llm-bridge.eu\/wp-content\/uploads\/2026\/01\/9-2-768x768.png 768w\" sizes=\"(max-width: 800px) 100vw, 800px\" \/>\t\t\t\t\t\t\t\t\t\t\t\t\t\t\t<\/div>\n\t\t\t\t<div class=\"elementor-element elementor-element-ebb7eee elementor-widget elementor-widget-heading\" data-id=\"ebb7eee\" data-element_type=\"widget\" data-widget_type=\"heading.default\">\n\t\t\t\t\t<h2 class=\"elementor-heading-title elementor-size-default\">Maat<\/h2>\t\t\t\t<\/div>\n\t\t\t\t<div class=\"elementor-element elementor-element-f724cc0 elementor-widget elementor-widget-heading\" data-id=\"f724cc0\" data-element_type=\"widget\" data-widget_type=\"heading.default\">\n\t\t\t\t\t<h2 class=\"elementor-heading-title elementor-size-default\">Yhteisty\u00f6kumppanit<\/h2>\t\t\t\t<\/div>\n\t\t\t\t<div class=\"elementor-element elementor-element-f7d0e3f elementor-widget elementor-widget-heading\" data-id=\"f7d0e3f\" data-element_type=\"widget\" data-widget_type=\"heading.default\">\n\t\t\t\t\t<h2 class=\"elementor-heading-title elementor-size-default\">Ohjelmat<\/h2>\t\t\t\t<\/div>\n\t\t\t\t<div class=\"elementor-element elementor-element-1d57d8e elementor-widget elementor-widget-heading\" data-id=\"1d57d8e\" data-element_type=\"widget\" data-widget_type=\"heading.default\">\n\t\t\t\t\t<h2 class=\"elementor-heading-title elementor-size-default\">yleiseurooppalaisen sitoutumisen ja hankkeiden kattavuuden varmistaminen<\/h2>\t\t\t\t<\/div>\n\t\t\t\t<div class=\"elementor-element elementor-element-fdfa4af elementor-widget elementor-widget-heading\" data-id=\"fdfa4af\" data-element_type=\"widget\" data-widget_type=\"heading.default\">\n\t\t\t\t\t<h2 class=\"elementor-heading-title elementor-size-default\">tutkimus-, laskenta- ja kansalliset teko\u00e4lyekosysteemit<\/h2>\t\t\t\t<\/div>\n\t\t\t\t<div class=\"elementor-element elementor-element-03aa808 elementor-widget elementor-widget-heading\" data-id=\"03aa808\" data-element_type=\"widget\" data-widget_type=\"heading.default\">\n\t\t\t\t\t<h2 class=\"elementor-heading-title elementor-size-default\">eurooppalaisten LLM- ja GenAI-startup-yritysten vauhdittaminen<\/h2>\t\t\t\t<\/div>\n\t\t\t\t<\/div>\n\t\t\t\t<div class=\"elementor-element elementor-element-ffbc396 elementor-widget elementor-widget-spacer\" data-id=\"ffbc396\" data-element_type=\"widget\" data-widget_type=\"spacer.default\">\n\t\t\t\t\t\t\t<div class=\"elementor-spacer\">\n\t\t\t<div class=\"elementor-spacer-inner\"><\/div>\n\t\t<\/div>\n\t\t\t\t\t\t<\/div>\n\t\t\t\t\t<\/div>\n\t\t\t\t<\/div>\n\t\t<div class=\"elementor-element elementor-element-e61bc79 e-flex e-con-boxed e-con e-parent\" data-id=\"e61bc79\" data-element_type=\"container\" data-settings=\"{&quot;background_background&quot;:&quot;classic&quot;}\">\n\t\t\t\t\t<div class=\"e-con-inner\">\n\t\t<div class=\"elementor-element elementor-element-71454bc e-con-full e-flex e-con e-child\" data-id=\"71454bc\" data-element_type=\"container\" data-settings=\"{&quot;background_background&quot;:&quot;classic&quot;}\">\n\t\t\t\t<div class=\"elementor-element elementor-element-a480eca elementor-widget elementor-widget-spacer\" data-id=\"a480eca\" data-element_type=\"widget\" data-widget_type=\"spacer.default\">\n\t\t\t\t\t\t\t<div class=\"elementor-spacer\">\n\t\t\t<div class=\"elementor-spacer-inner\"><\/div>\n\t\t<\/div>\n\t\t\t\t\t\t<\/div>\n\t\t\t\t<div class=\"elementor-element elementor-element-2d2baf7 elementor-widget elementor-widget-heading\" data-id=\"2d2baf7\" data-element_type=\"widget\" data-widget_type=\"heading.default\">\n\t\t\t\t\t<h2 class=\"elementor-heading-title elementor-size-default\">Hae nyt: Avoin haku startup-yrityksille Venture Incubation Programme (VIP) -ohjelmaan osallistumista varten<\/h2>\t\t\t\t<\/div>\n\t\t\t\t<\/div>\n\t\t<div class=\"elementor-element elementor-element-816086c e-flex e-con-boxed e-con e-child\" data-id=\"816086c\" data-element_type=\"container\" data-settings=\"{&quot;background_background&quot;:&quot;classic&quot;}\">\n\t\t\t\t\t<div class=\"e-con-inner\">\n\t\t\t\t<div class=\"elementor-element elementor-element-33b1f53 elementor-widget elementor-widget-text-editor\" data-id=\"33b1f53\" data-element_type=\"widget\" data-widget_type=\"text-editor.default\">\n\t\t\t\t\t\t\t\t\t<div class=\"elementor-element elementor-element-f8634c5 elementor-widget elementor-widget-text-editor\" data-id=\"f8634c5\" data-element_type=\"widget\" data-widget_type=\"text-editor.default\"><p>LLM-BRIDGE-konsortio pyrkii\u00a0<strong>30 alkuvaiheen startup-yrityst\u00e4<\/strong>\u00a0ratkaisujen kehitt\u00e4minen\u00a0<strong>GenAI, LLM, luonnollisen kielen k\u00e4sittely (NLP) tai siihen liittyv\u00e4t teko\u00e4lyteknologiat<\/strong>\u00a0osallistua 12 viikkoa kest\u00e4v\u00e4\u00e4n yrityshautomo-ohjelmaan.\u00a0<b>Viisi menestyneimmist\u00e4 startup-yrityksist\u00e4 saa<\/b>\u00a0<strong>25 000 euroa<\/strong> tukea niiden kasvua ja kehityst\u00e4.<\/p><\/div>\t\t\t\t\t\t\t\t<\/div>\n\t\t\t\t<div class=\"elementor-element elementor-element-40fcced elementor-align-center elementor-widget elementor-widget-button\" data-id=\"40fcced\" data-element_type=\"widget\" data-widget_type=\"button.default\">\n\t\t\t\t\t\t\t\t\t\t<a class=\"elementor-button elementor-button-link elementor-size-sm elementor-animation-grow\" href=\"https:\/\/www.llm-bridge.eu\/fi\/open-calls-2\/\">\n\t\t\t\t\t\t<span class=\"elementor-button-content-wrapper\">\n\t\t\t\t\t\t\t\t\t<span class=\"elementor-button-text\">Lue lis\u00e4\u00e4<\/span>\n\t\t\t\t\t<\/span>\n\t\t\t\t\t<\/a>\n\t\t\t\t\t\t\t\t<\/div>\n\t\t\t\t\t<\/div>\n\t\t\t\t<\/div>\n\t\t\t\t\t<\/div>\n\t\t\t\t<\/div>\n\t\t<div class=\"elementor-element elementor-element-3d11e5e e-flex e-con-boxed e-con e-parent\" data-id=\"3d11e5e\" data-element_type=\"container\" data-settings=\"{&quot;background_background&quot;:&quot;classic&quot;,&quot;shape_divider_bottom&quot;:&quot;curve&quot;,&quot;shape_divider_bottom_negative&quot;:&quot;yes&quot;}\">\n\t\t\t\t\t<div class=\"e-con-inner\">\n\t\t\t\t<div class=\"elementor-shape elementor-shape-bottom\" aria-hidden=\"true\" data-negative=\"true\">\n\t\t\t<svg xmlns=\"http:\/\/www.w3.org\/2000\/svg\" viewbox=\"0 0 1000 100\" preserveaspectratio=\"none\">\n\t<path class=\"elementor-shape-fill\" d=\"M500,97C126.7,96.3,0.8,19.8,0,0v100l1000,0V1C1000,19.4,873.3,97.8,500,97z\"\/>\n<\/svg>\t\t<\/div>\n\t\t<div class=\"elementor-element elementor-element-3827745 e-con-full e-flex e-con e-child\" data-id=\"3827745\" data-element_type=\"container\" data-settings=\"{&quot;background_background&quot;:&quot;classic&quot;}\">\n\t\t\t\t<div class=\"elementor-element elementor-element-c7c049f elementor-widget-divider--view-line elementor-widget elementor-widget-divider\" data-id=\"c7c049f\" data-element_type=\"widget\" data-widget_type=\"divider.default\">\n\t\t\t\t\t\t\t<div class=\"elementor-divider\">\n\t\t\t<span class=\"elementor-divider-separator\">\n\t\t\t\t\t\t<\/span>\n\t\t<\/div>\n\t\t\t\t\t\t<\/div>\n\t\t\t\t<div class=\"elementor-element elementor-element-a4b679d elementor-widget elementor-widget-heading\" data-id=\"a4b679d\" data-element_type=\"widget\" data-widget_type=\"heading.default\">\n\t\t\t\t\t<h2 class=\"elementor-heading-title elementor-size-default\">Pysy ajan tasalla:<\/h2>\t\t\t\t<\/div>\n\t\t\t\t<\/div>\n\t\t<div class=\"elementor-element elementor-element-3f8e1e7 e-con-full e-flex e-con e-child\" data-id=\"3f8e1e7\" data-element_type=\"container\" data-settings=\"{&quot;background_background&quot;:&quot;classic&quot;}\">\n\t\t\t\t<div class=\"elementor-element elementor-element-6dcb84a elementor-view-default elementor-widget elementor-widget-icon\" data-id=\"6dcb84a\" data-element_type=\"widget\" data-widget_type=\"icon.default\">\n\t\t\t\t\t\t\t<div class=\"elementor-icon-wrapper\">\n\t\t\t<a class=\"elementor-icon elementor-animation-grow\" href=\"https:\/\/www.linkedin.com\/company\/llm-bridge\/\">\n\t\t\t<svg aria-hidden=\"true\" class=\"e-font-icon-svg e-fab-linkedin\" viewbox=\"0 0 448 512\" xmlns=\"http:\/\/www.w3.org\/2000\/svg\"><path d=\"M416 32H31.9C14.3 32 0 46.5 0 64.3v383.4C0 465.5 14.3 480 31.9 480H416c17.6 0 32-14.5 32-32.3V64.3c0-17.8-14.4-32.3-32-32.3zM135.4 416H69V202.2h66.5V416zm-33.2-243c-21.3 0-38.5-17.3-38.5-38.5S80.9 96 102.2 96c21.2 0 38.5 17.3 38.5 38.5 0 21.3-17.2 38.5-38.5 38.5zm282.1 243h-66.4V312c0-24.8-.5-56.7-34.5-56.7-34.6 0-39.9 27-39.9 54.9V416h-66.4V202.2h63.7v29.2h.9c8.9-16.8 30.6-34.5 62.9-34.5 67.2 0 79.7 44.3 79.7 101.9V416z\"><\/path><\/svg>\t\t\t<\/a>\n\t\t<\/div>\n\t\t\t\t\t\t<\/div>\n\t\t\t\t<\/div>\n\t\t<div class=\"elementor-element elementor-element-ea427fd e-con-full e-flex e-con e-child\" data-id=\"ea427fd\" data-element_type=\"container\" data-settings=\"{&quot;background_background&quot;:&quot;classic&quot;}\">\n\t\t\t\t<div class=\"elementor-element elementor-element-ef463ab elementor-widget-divider--view-line elementor-widget elementor-widget-divider\" data-id=\"ef463ab\" data-element_type=\"widget\" data-widget_type=\"divider.default\">\n\t\t\t\t\t\t\t<div class=\"elementor-divider\">\n\t\t\t<span class=\"elementor-divider-separator\">\n\t\t\t\t\t\t<\/span>\n\t\t<\/div>\n\t\t\t\t\t\t<\/div>\n\t\t\t\t<div class=\"elementor-element elementor-element-183603c elementor-widget elementor-widget-image\" data-id=\"183603c\" data-element_type=\"widget\" data-widget_type=\"image.default\">\n\t\t\t\t\t\t\t\t\t\t\t\t<figure class=\"wp-caption\">\n\t\t\t\t\t\t\t\t\t\t<img loading=\"lazy\" decoding=\"async\" width=\"800\" height=\"168\" src=\"https:\/\/www.llm-bridge.eu\/wp-content\/uploads\/2025\/09\/EN-Co-funded-by-the-EU_POS-1024x215.jpg\" class=\"attachment-large size-large wp-image-99\" alt=\"EU:n tunnuksen yhteisrahoittama\" srcset=\"https:\/\/www.llm-bridge.eu\/wp-content\/uploads\/2025\/09\/EN-Co-funded-by-the-EU_POS-1024x215.jpg 1024w, https:\/\/www.llm-bridge.eu\/wp-content\/uploads\/2025\/09\/EN-Co-funded-by-the-EU_POS-300x63.jpg 300w, https:\/\/www.llm-bridge.eu\/wp-content\/uploads\/2025\/09\/EN-Co-funded-by-the-EU_POS-768x161.jpg 768w, https:\/\/www.llm-bridge.eu\/wp-content\/uploads\/2025\/09\/EN-Co-funded-by-the-EU_POS-1536x322.jpg 1536w, https:\/\/www.llm-bridge.eu\/wp-content\/uploads\/2025\/09\/EN-Co-funded-by-the-EU_POS-2048x430.jpg 2048w\" sizes=\"(max-width: 800px) 100vw, 800px\" \/>\t\t\t\t\t\t\t\t\t\t\t<figcaption class=\"widget-image-caption wp-caption-text\">LLM-BRIDGE-hanketta yhteisrahoitetaan Euroopan unionin Digitaalinen Eurooppa -ohjelmasta avustussopimuksen nro 101226136 nojalla.<\/figcaption>\n\t\t\t\t\t\t\t\t\t\t<\/figure>\n\t\t\t\t\t\t\t\t\t<\/div>\n\t\t\t\t<div class=\"elementor-element elementor-element-4764c88 elementor-widget elementor-widget-spacer\" data-id=\"4764c88\" data-element_type=\"widget\" data-widget_type=\"spacer.default\">\n\t\t\t\t\t\t\t<div class=\"elementor-spacer\">\n\t\t\t<div class=\"elementor-spacer-inner\"><\/div>\n\t\t<\/div>\n\t\t\t\t\t\t<\/div>\n\t\t\t\t<\/div>\n\t\t\t\t\t<\/div>\n\t\t\t\t<\/div>\n\t\t<div class=\"elementor-element elementor-element-7b0ef37 e-flex e-con-boxed e-con e-parent\" data-id=\"7b0ef37\" data-element_type=\"container\">\n\t\t\t\t\t<div class=\"e-con-inner\">\n\t\t\t\t<div class=\"elementor-element elementor-element-c667f61 elementor-widget elementor-widget-text-editor\" data-id=\"c667f61\" data-element_type=\"widget\" data-widget_type=\"text-editor.default\">\n\t\t\t\t\t\t\t\t\t<p>Napsauta <a href=\"https:\/\/www.llm-bridge.eu\/fi\/privacy-policy\/\">t\u00e4ss\u00e4<\/a> Yksityisyysk\u00e4yt\u00e4nt\u00f6mme<\/p>\t\t\t\t\t\t\t\t<\/div>\n\t\t\t\t\t<\/div>\n\t\t\t\t<\/div>\n\t\t\t\t<\/div>","protected":false},"excerpt":{"rendered":"<p>LLM Booster for Regional Innovation and Digital Growth in Europe -hanke (LLM-BRIDGE) tukee eurooppalaisia startup- ja scaleup-yrityksi\u00e4 suurten kielimallien (LLM) nopeasti kasvavalla alalla. LLM-BRIDGE-hankkeen tavoitteena on vahvistaa kansallisia GenAI-ekosysteemej\u00e4 varustamalla startup-yritykset, scaleup-yritykset, yrityshautomot ja sijoittajat tuella, jota tarvitaan rakentamiseen ja [...]<\/p>","protected":false},"author":1,"featured_media":0,"parent":0,"menu_order":0,"comment_status":"closed","ping_status":"closed","template":"","meta":{"footnotes":""},"class_list":["post-111","page","type-page","status-publish","hentry"],"_links":{"self":[{"href":"https:\/\/www.llm-bridge.eu\/fi\/wp-json\/wp\/v2\/pages\/111","targetHints":{"allow":["GET"]}}],"collection":[{"href":"https:\/\/www.llm-bridge.eu\/fi\/wp-json\/wp\/v2\/pages"}],"about":[{"href":"https:\/\/www.llm-bridge.eu\/fi\/wp-json\/wp\/v2\/types\/page"}],"author":[{"embeddable":true,"href":"https:\/\/www.llm-bridge.eu\/fi\/wp-json\/wp\/v2\/users\/1"}],"replies":[{"embeddable":true,"href":"https:\/\/www.llm-bridge.eu\/fi\/wp-json\/wp\/v2\/comments?post=111"}],"version-history":[{"count":103,"href":"https:\/\/www.llm-bridge.eu\/fi\/wp-json\/wp\/v2\/pages\/111\/revisions"}],"predecessor-version":[{"id":953,"href":"https:\/\/www.llm-bridge.eu\/fi\/wp-json\/wp\/v2\/pages\/111\/revisions\/953"}],"wp:attachment":[{"href":"https:\/\/www.llm-bridge.eu\/fi\/wp-json\/wp\/v2\/media?parent=111"}],"curies":[{"name":"wp","href":"https:\/\/api.w.org\/{rel}","templated":true}]}}