{"id":113,"date":"2026-01-08T12:27:57","date_gmt":"2026-01-08T12:27:57","guid":{"rendered":"https:\/\/llm-bridge.eu\/?page_id=113"},"modified":"2026-01-19T18:12:21","modified_gmt":"2026-01-19T17:12:21","slug":"contact","status":"publish","type":"page","link":"https:\/\/www.llm-bridge.eu\/fi\/contact\/","title":{"rendered":"Yhteydenotto"},"content":{"rendered":"<div data-elementor-type=\"wp-page\" data-elementor-id=\"113\" class=\"elementor elementor-113\">\n\t\t\t\t<div class=\"elementor-element elementor-element-653816e e-flex e-con-boxed e-con e-parent\" data-id=\"653816e\" data-element_type=\"container\" data-settings=\"{&quot;background_background&quot;:&quot;classic&quot;,&quot;shape_divider_top&quot;:&quot;curve&quot;,&quot;shape_divider_top_negative&quot;:&quot;yes&quot;,&quot;shape_divider_bottom&quot;:&quot;curve&quot;,&quot;shape_divider_bottom_negative&quot;:&quot;yes&quot;,&quot;animation&quot;:&quot;none&quot;}\">\n\t\t\t\t\t<div class=\"e-con-inner\">\n\t\t\t\t<div class=\"elementor-shape elementor-shape-top\" aria-hidden=\"true\" data-negative=\"true\">\n\t\t\t<svg xmlns=\"http:\/\/www.w3.org\/2000\/svg\" viewbox=\"0 0 1000 100\" preserveaspectratio=\"none\">\n\t<path class=\"elementor-shape-fill\" d=\"M500,97C126.7,96.3,0.8,19.8,0,0v100l1000,0V1C1000,19.4,873.3,97.8,500,97z\"\/>\n<\/svg>\t\t<\/div>\n\t\t\t\t<div class=\"elementor-shape elementor-shape-bottom\" aria-hidden=\"true\" data-negative=\"true\">\n\t\t\t<svg xmlns=\"http:\/\/www.w3.org\/2000\/svg\" viewbox=\"0 0 1000 100\" preserveaspectratio=\"none\">\n\t<path class=\"elementor-shape-fill\" d=\"M500,97C126.7,96.3,0.8,19.8,0,0v100l1000,0V1C1000,19.4,873.3,97.8,500,97z\"\/>\n<\/svg>\t\t<\/div>\n\t\t\t\t<div class=\"elementor-element elementor-element-94017ce elementor-widget elementor-widget-spacer\" data-id=\"94017ce\" data-element_type=\"widget\" data-widget_type=\"spacer.default\">\n\t\t\t\t\t\t\t<div class=\"elementor-spacer\">\n\t\t\t<div class=\"elementor-spacer-inner\"><\/div>\n\t\t<\/div>\n\t\t\t\t\t\t<\/div>\n\t\t\t\t<div class=\"elementor-element elementor-element-669092d elementor-widget elementor-widget-spacer\" data-id=\"669092d\" data-element_type=\"widget\" data-widget_type=\"spacer.default\">\n\t\t\t\t\t\t\t<div class=\"elementor-spacer\">\n\t\t\t<div class=\"elementor-spacer-inner\"><\/div>\n\t\t<\/div>\n\t\t\t\t\t\t<\/div>\n\t\t\t\t<div class=\"elementor-element elementor-element-d509cd8 elementor-widget elementor-widget-heading\" data-id=\"d509cd8\" data-element_type=\"widget\" data-widget_type=\"heading.default\">\n\t\t\t\t\t<h2 class=\"elementor-heading-title elementor-size-default\">Yhteyshenkil\u00f6t<\/h2>\t\t\t\t<\/div>\n\t\t\t\t<div class=\"elementor-element elementor-element-920e979 elementor-widget elementor-widget-text-editor\" data-id=\"920e979\" data-element_type=\"widget\" data-widget_type=\"text-editor.default\">\n\t\t\t\t\t\t\t\t\t<p><strong>LLM-BRIDGE-hankkeen koordinaattori<\/strong><\/p><p>Kieliteknologian allianssi (ALT-EDIC)<\/p><p><a href=\"mailto:contact@llm-bridge.eu\">contact@llm-bridge.eu<\/a><\/p><p><b>Open Calls &amp; Ohjelmat<\/b><\/p><p>Lyijy: 28DIGITAL<\/p><p><a href=\"mailto:llm-bridge@28digital.eu\">llm-bridge@28digital.eu<\/a><\/p>\t\t\t\t\t\t\t\t<\/div>\n\t\t\t\t<div class=\"elementor-element elementor-element-2fb63ed elementor-widget elementor-widget-spacer\" data-id=\"2fb63ed\" data-element_type=\"widget\" data-widget_type=\"spacer.default\">\n\t\t\t\t\t\t\t<div class=\"elementor-spacer\">\n\t\t\t<div class=\"elementor-spacer-inner\"><\/div>\n\t\t<\/div>\n\t\t\t\t\t\t<\/div>\n\t\t\t\t<div class=\"elementor-element elementor-element-4e124b4 elementor-widget elementor-widget-spacer\" data-id=\"4e124b4\" data-element_type=\"widget\" data-widget_type=\"spacer.default\">\n\t\t\t\t\t\t\t<div class=\"elementor-spacer\">\n\t\t\t<div class=\"elementor-spacer-inner\"><\/div>\n\t\t<\/div>\n\t\t\t\t\t\t<\/div>\n\t\t\t\t\t<\/div>\n\t\t\t\t<\/div>\n\t\t<div class=\"elementor-element elementor-element-c6bf208 e-flex e-con-boxed e-con e-parent\" data-id=\"c6bf208\" data-element_type=\"container\">\n\t\t\t\t\t<div class=\"e-con-inner\">\n\t\t\t\t<div class=\"elementor-element elementor-element-6ccd769 elementor-widget elementor-widget-text-editor\" data-id=\"6ccd769\" data-element_type=\"widget\" data-widget_type=\"text-editor.default\">\n\t\t\t\t\t\t\t\t\t<p>Napsauta <a href=\"https:\/\/www.llm-bridge.eu\/fi\/privacy-policy\/\">t\u00e4ss\u00e4<\/a> Yksityisyysk\u00e4yt\u00e4nt\u00f6mme<\/p>\t\t\t\t\t\t\t\t<\/div>\n\t\t\t\t\t<\/div>\n\t\t\t\t<\/div>\n\t\t\t\t<\/div>","protected":false},"excerpt":{"rendered":"<p>LLM-BRIDGE-hankkeen koordinaattori Alliance for Language Technologies (ALT-EDIC) contact@llm-bridge.eu Avoimet ehdotuspyynn\u00f6t &amp; Ohjelmien vet\u00e4j\u00e4: 28DIGITAL llm-bridge@28digital.eu Tietosuojak\u00e4yt\u00e4nt\u00f6mme<\/p>","protected":false},"author":1,"featured_media":0,"parent":0,"menu_order":0,"comment_status":"closed","ping_status":"closed","template":"","meta":{"footnotes":""},"class_list":["post-113","page","type-page","status-publish","hentry"],"_links":{"self":[{"href":"https:\/\/www.llm-bridge.eu\/fi\/wp-json\/wp\/v2\/pages\/113","targetHints":{"allow":["GET"]}}],"collection":[{"href":"https:\/\/www.llm-bridge.eu\/fi\/wp-json\/wp\/v2\/pages"}],"about":[{"href":"https:\/\/www.llm-bridge.eu\/fi\/wp-json\/wp\/v2\/types\/page"}],"author":[{"embeddable":true,"href":"https:\/\/www.llm-bridge.eu\/fi\/wp-json\/wp\/v2\/users\/1"}],"replies":[{"embeddable":true,"href":"https:\/\/www.llm-bridge.eu\/fi\/wp-json\/wp\/v2\/comments?post=113"}],"version-history":[{"count":37,"href":"https:\/\/www.llm-bridge.eu\/fi\/wp-json\/wp\/v2\/pages\/113\/revisions"}],"predecessor-version":[{"id":646,"href":"https:\/\/www.llm-bridge.eu\/fi\/wp-json\/wp\/v2\/pages\/113\/revisions\/646"}],"wp:attachment":[{"href":"https:\/\/www.llm-bridge.eu\/fi\/wp-json\/wp\/v2\/media?parent=113"}],"curies":[{"name":"wp","href":"https:\/\/api.w.org\/{rel}","templated":true}]}}