{"id":1003,"date":"2026-04-29T15:57:22","date_gmt":"2026-04-29T14:57:22","guid":{"rendered":"https:\/\/www.llm-bridge.eu\/?page_id=1003"},"modified":"2026-04-29T16:04:14","modified_gmt":"2026-04-29T15:04:14","slug":"resources-faqs","status":"publish","type":"page","link":"https:\/\/www.llm-bridge.eu\/lv\/resources-faqs\/","title":{"rendered":"Resursi &amp; Bie\u017ei uzdotie jaut\u0101jumi"},"content":{"rendered":"<div data-elementor-type=\"wp-page\" data-elementor-id=\"1003\" class=\"elementor elementor-1003\">\n\t\t\t\t<div class=\"elementor-element elementor-element-19fc9f9 e-flex e-con-boxed e-con e-parent\" data-id=\"19fc9f9\" data-element_type=\"container\" data-settings=\"{&quot;background_background&quot;:&quot;classic&quot;}\">\n\t\t\t\t\t<div class=\"e-con-inner\">\n\t\t<div class=\"elementor-element elementor-element-68ca241 e-con-full e-flex e-con e-child\" data-id=\"68ca241\" data-element_type=\"container\" data-settings=\"{&quot;shape_divider_top&quot;:&quot;curve&quot;,&quot;shape_divider_top_negative&quot;:&quot;yes&quot;,&quot;position&quot;:&quot;absolute&quot;}\">\n\t\t\t\t<div class=\"elementor-shape elementor-shape-top\" aria-hidden=\"true\" data-negative=\"true\">\n\t\t\t<svg xmlns=\"http:\/\/www.w3.org\/2000\/svg\" viewbox=\"0 0 1000 100\" preserveaspectratio=\"none\">\n\t<path class=\"elementor-shape-fill\" d=\"M500,97C126.7,96.3,0.8,19.8,0,0v100l1000,0V1C1000,19.4,873.3,97.8,500,97z\"\/>\n<\/svg>\t\t<\/div>\n\t\t\t\t<\/div>\n\t\t\t\t<div class=\"elementor-element elementor-element-8eebcdb elementor-widget elementor-widget-spacer\" data-id=\"8eebcdb\" data-element_type=\"widget\" data-widget_type=\"spacer.default\">\n\t\t\t\t\t\t\t<div class=\"elementor-spacer\">\n\t\t\t<div class=\"elementor-spacer-inner\"><\/div>\n\t\t<\/div>\n\t\t\t\t\t\t<\/div>\n\t\t\t\t<div class=\"elementor-element elementor-element-14438f0 elementor-widget elementor-widget-heading\" data-id=\"14438f0\" data-element_type=\"widget\" data-widget_type=\"heading.default\">\n\t\t\t\t\t<h2 class=\"elementor-heading-title elementor-size-default\">Resursi un bie\u017ei uzdotie jaut\u0101jumi<\/h2>\t\t\t\t<\/div>\n\t\t\t\t<div class=\"elementor-element elementor-element-2afb050 elementor-widget elementor-widget-text-editor\" data-id=\"2afb050\" data-element_type=\"widget\" data-widget_type=\"text-editor.default\">\n\t\t\t\t\t\t\t\t\t<p><em>Atrodiet Infoday t\u012bmek\u013csemin\u0101ru ierakstus, bie\u017ei uzdotos jaut\u0101jumus un resursus pa\u0161reiz\u0113jiem un iepriek\u0161\u0113jiem LLM-BRIDGE atv\u0113rtajiem zvaniem.<\/em><\/p>\t\t\t\t\t\t\t\t<\/div>\n\t\t\t\t<div class=\"elementor-element elementor-element-e77e692 elementor-widget elementor-widget-spacer\" data-id=\"e77e692\" data-element_type=\"widget\" data-widget_type=\"spacer.default\">\n\t\t\t\t\t\t\t<div class=\"elementor-spacer\">\n\t\t\t<div class=\"elementor-spacer-inner\"><\/div>\n\t\t<\/div>\n\t\t\t\t\t\t<\/div>\n\t\t\t\t\t<\/div>\n\t\t\t\t<\/div>\n\t\t<div class=\"elementor-element elementor-element-029252b e-flex e-con-boxed e-con e-parent\" data-id=\"029252b\" data-element_type=\"container\" data-settings=\"{&quot;background_background&quot;:&quot;classic&quot;}\">\n\t\t\t\t\t<div class=\"e-con-inner\">\n\t\t\t\t<div class=\"elementor-element elementor-element-a8f0c5f elementor-widget elementor-widget-heading\" data-id=\"a8f0c5f\" data-element_type=\"widget\" data-widget_type=\"heading.default\">\n\t\t\t\t\t<h2 class=\"elementor-heading-title elementor-size-default\">Atkl\u0101tie konkursi<\/h2>\t\t\t\t<\/div>\n\t\t\t\t\t<\/div>\n\t\t\t\t<\/div>\n\t\t<div class=\"elementor-element elementor-element-2fe9cd4 e-flex e-con-boxed e-con e-parent\" data-id=\"2fe9cd4\" data-element_type=\"container\" data-settings=\"{&quot;background_background&quot;:&quot;classic&quot;}\">\n\t\t\t\t\t<div class=\"e-con-inner\">\n\t\t<div class=\"elementor-element elementor-element-8c9fe15 e-con-full e-flex e-con e-child\" data-id=\"8c9fe15\" data-element_type=\"container\">\n\t\t\t\t<div class=\"elementor-element elementor-element-9b95b58 elementor-widget elementor-widget-heading\" data-id=\"9b95b58\" data-element_type=\"widget\" data-widget_type=\"heading.default\">\n\t\t\t\t\t<h2 class=\"elementor-heading-title elementor-size-default\">Atkl\u0101ts uzaicin\u0101jums inkubatoriem<\/h2>\t\t\t\t<\/div>\n\t\t\t\t<div class=\"elementor-element elementor-element-8a9a48a elementor-align-center elementor-widget elementor-widget-button\" data-id=\"8a9a48a\" data-element_type=\"widget\" data-widget_type=\"button.default\">\n\t\t\t\t\t\t\t\t\t\t<a class=\"elementor-button elementor-button-link elementor-size-sm elementor-animation-grow\" href=\"https:\/\/www.llm-bridge.eu\/lv\/open-call-for-incubator\/infoday-webinar\/\">\n\t\t\t\t\t\t<span class=\"elementor-button-content-wrapper\">\n\t\t\t\t\t\t\t\t\t<span class=\"elementor-button-text\">Bie\u017ei uzdotie jaut\u0101jumi<\/span>\n\t\t\t\t\t<\/span>\n\t\t\t\t\t<\/a>\n\t\t\t\t\t\t\t\t<\/div>\n\t\t\t\t<\/div>\n\t\t<div class=\"elementor-element elementor-element-feda9a4 e-con-full e-flex e-con e-child\" data-id=\"feda9a4\" data-element_type=\"container\">\n\t\t\t\t<div class=\"elementor-element elementor-element-e7572ce elementor-widget elementor-widget-heading\" data-id=\"e7572ce\" data-element_type=\"widget\" data-widget_type=\"heading.default\">\n\t\t\t\t\t<h2 class=\"elementor-heading-title elementor-size-default\">Atkl\u0101ts uzaicin\u0101jums jaunuz\u0146\u0113mumiem<\/h2>\t\t\t\t<\/div>\n\t\t\t\t<div class=\"elementor-element elementor-element-266ae79 elementor-align-center elementor-widget elementor-widget-button\" data-id=\"266ae79\" data-element_type=\"widget\" data-widget_type=\"button.default\">\n\t\t\t\t\t\t\t\t\t\t<a class=\"elementor-button elementor-button-link elementor-size-sm elementor-animation-grow\" href=\"https:\/\/www.llm-bridge.eu\/lv\/infoday-webinar-startups\/\">\n\t\t\t\t\t\t<span class=\"elementor-button-content-wrapper\">\n\t\t\t\t\t\t\t\t\t<span class=\"elementor-button-text\">Bie\u017ei uzdotie jaut\u0101jumi<\/span>\n\t\t\t\t\t<\/span>\n\t\t\t\t\t<\/a>\n\t\t\t\t\t\t\t\t<\/div>\n\t\t\t\t<\/div>\n\t\t\t\t\t<\/div>\n\t\t\t\t<\/div>\n\t\t<div class=\"elementor-element elementor-element-ddd204d e-flex e-con-boxed e-con e-parent\" data-id=\"ddd204d\" data-element_type=\"container\" data-settings=\"{&quot;background_background&quot;:&quot;classic&quot;,&quot;shape_divider_bottom&quot;:&quot;curve&quot;,&quot;shape_divider_bottom_negative&quot;:&quot;yes&quot;}\">\n\t\t\t\t\t<div class=\"e-con-inner\">\n\t\t\t\t<div class=\"elementor-shape elementor-shape-bottom\" aria-hidden=\"true\" data-negative=\"true\">\n\t\t\t<svg xmlns=\"http:\/\/www.w3.org\/2000\/svg\" viewbox=\"0 0 1000 100\" preserveaspectratio=\"none\">\n\t<path class=\"elementor-shape-fill\" d=\"M500,97C126.7,96.3,0.8,19.8,0,0v100l1000,0V1C1000,19.4,873.3,97.8,500,97z\"\/>\n<\/svg>\t\t<\/div>\n\t\t\t\t<div class=\"elementor-element elementor-element-4048a5d elementor-widget elementor-widget-spacer\" data-id=\"4048a5d\" data-element_type=\"widget\" data-widget_type=\"spacer.default\">\n\t\t\t\t\t\t\t<div class=\"elementor-spacer\">\n\t\t\t<div class=\"elementor-spacer-inner\"><\/div>\n\t\t<\/div>\n\t\t\t\t\t\t<\/div>\n\t\t\t\t\t<\/div>\n\t\t\t\t<\/div>\n\t\t\t\t<\/div>","protected":false},"excerpt":{"rendered":"<p>Resursi un bie\u017ei uzdotie jaut\u0101jumi Atrodiet inform\u0101cijas dienas t\u012bmek\u013csemin\u0101ra ierakstus, bie\u017ei uzdotos jaut\u0101jumus un resursus pa\u0161reiz\u0113jiem un iepriek\u0161\u0113jiem LLM-BRIDGE atv\u0113rtajiem uzaicin\u0101jumiem. Atkl\u0101tie konkursi Atkl\u0101tais konkurss inkubatoriem Bie\u017ei uzdotie jaut\u0101jumi Atkl\u0101tais konkurss jaunuz\u0146\u0113mumiem Bie\u017ei uzdotie jaut\u0101jumi<\/p>","protected":false},"author":2,"featured_media":0,"parent":0,"menu_order":0,"comment_status":"closed","ping_status":"closed","template":"","meta":{"footnotes":""},"class_list":["post-1003","page","type-page","status-publish","hentry"],"_links":{"self":[{"href":"https:\/\/www.llm-bridge.eu\/lv\/wp-json\/wp\/v2\/pages\/1003","targetHints":{"allow":["GET"]}}],"collection":[{"href":"https:\/\/www.llm-bridge.eu\/lv\/wp-json\/wp\/v2\/pages"}],"about":[{"href":"https:\/\/www.llm-bridge.eu\/lv\/wp-json\/wp\/v2\/types\/page"}],"author":[{"embeddable":true,"href":"https:\/\/www.llm-bridge.eu\/lv\/wp-json\/wp\/v2\/users\/2"}],"replies":[{"embeddable":true,"href":"https:\/\/www.llm-bridge.eu\/lv\/wp-json\/wp\/v2\/comments?post=1003"}],"version-history":[{"count":11,"href":"https:\/\/www.llm-bridge.eu\/lv\/wp-json\/wp\/v2\/pages\/1003\/revisions"}],"predecessor-version":[{"id":1020,"href":"https:\/\/www.llm-bridge.eu\/lv\/wp-json\/wp\/v2\/pages\/1003\/revisions\/1020"}],"wp:attachment":[{"href":"https:\/\/www.llm-bridge.eu\/lv\/wp-json\/wp\/v2\/media?parent=1003"}],"curies":[{"name":"wp","href":"https:\/\/api.w.org\/{rel}","templated":true}]}}