{"id":3,"date":"2025-08-26T15:30:53","date_gmt":"2025-08-26T15:30:53","guid":{"rendered":"http:\/\/llm-bridge.eu\/?page_id=3"},"modified":"2026-01-19T16:51:45","modified_gmt":"2026-01-19T16:51:45","slug":"privacy-policy","status":"publish","type":"page","link":"https:\/\/www.llm-bridge.eu\/sv\/privacy-policy\/","title":{"rendered":"Integritetspolicy"},"content":{"rendered":"<div data-elementor-type=\"wp-page\" data-elementor-id=\"3\" class=\"elementor elementor-3\">\n\t\t\t\t<div class=\"elementor-element elementor-element-695c3cef e-flex e-con-boxed e-con e-parent\" data-id=\"695c3cef\" data-element_type=\"container\" data-settings=\"{&quot;background_background&quot;:&quot;classic&quot;,&quot;shape_divider_top&quot;:&quot;curve&quot;,&quot;shape_divider_top_negative&quot;:&quot;yes&quot;,&quot;shape_divider_bottom&quot;:&quot;curve&quot;,&quot;shape_divider_bottom_negative&quot;:&quot;yes&quot;}\">\n\t\t\t\t\t<div class=\"e-con-inner\">\n\t\t\t\t<div class=\"elementor-shape elementor-shape-top\" aria-hidden=\"true\" data-negative=\"true\">\n\t\t\t<svg xmlns=\"http:\/\/www.w3.org\/2000\/svg\" viewbox=\"0 0 1000 100\" preserveaspectratio=\"none\">\n\t<path class=\"elementor-shape-fill\" d=\"M500,97C126.7,96.3,0.8,19.8,0,0v100l1000,0V1C1000,19.4,873.3,97.8,500,97z\"\/>\n<\/svg>\t\t<\/div>\n\t\t\t\t<div class=\"elementor-shape elementor-shape-bottom\" aria-hidden=\"true\" data-negative=\"true\">\n\t\t\t<svg xmlns=\"http:\/\/www.w3.org\/2000\/svg\" viewbox=\"0 0 1000 100\" preserveaspectratio=\"none\">\n\t<path class=\"elementor-shape-fill\" d=\"M500,97C126.7,96.3,0.8,19.8,0,0v100l1000,0V1C1000,19.4,873.3,97.8,500,97z\"\/>\n<\/svg>\t\t<\/div>\n\t\t\t\t<div class=\"elementor-element elementor-element-4cd91ab elementor-widget elementor-widget-spacer\" data-id=\"4cd91ab\" data-element_type=\"widget\" data-widget_type=\"spacer.default\">\n\t\t\t\t\t\t\t<div class=\"elementor-spacer\">\n\t\t\t<div class=\"elementor-spacer-inner\"><\/div>\n\t\t<\/div>\n\t\t\t\t\t\t<\/div>\n\t\t\t\t<div class=\"elementor-element elementor-element-6126987 elementor-widget elementor-widget-spacer\" data-id=\"6126987\" data-element_type=\"widget\" data-widget_type=\"spacer.default\">\n\t\t\t\t\t\t\t<div class=\"elementor-spacer\">\n\t\t\t<div class=\"elementor-spacer-inner\"><\/div>\n\t\t<\/div>\n\t\t\t\t\t\t<\/div>\n\t\t\t\t<div class=\"elementor-element elementor-element-db4f467 elementor-widget elementor-widget-text-editor\" data-id=\"db4f467\" data-element_type=\"widget\" data-widget_type=\"text-editor.default\">\n\t\t\t\t\t\t\t\t\t<h2><strong>Sekretesspolicy &amp; Juridiska meddelanden: LLM-BRIDGE<\/strong><\/h2>\n<h4><strong>Senast uppdaterad:<\/strong> januari 2026<\/h4>\n<h2>\u00a0<\/h2>\n<h2><strong>1. Utgivare och personuppgiftsansvarig<\/strong><\/h2>\n<p>Webbplatsen https:\/\/www.llm-bridge.eu\/ skapades och offentliggjordes av Alliance for Language Technologies (ALT-EDIC), ett konsortium f\u00f6r europeisk digital infrastruktur som inr\u00e4ttades genom Europeiska kommissionens beslut (EU) 2024\/458 och registrerades i Frankrike som en sammanslutning (loi 1901), registrerad med nummer W024005363 och SIRET-nummer 929 059 178 00012.<\/p>\n<p>Webbplatsen <a href=\"https:\/\/www.llm-bridge.eu\/sv\/\"><u><strong>https:\/\/www.llm-bridge.eu<\/strong><\/u><\/a> \u00e4r den officiella plattformen f\u00f6r <strong>LLM-BRIDGE-projektet<\/strong>, ett konsortium best\u00e5ende av tio partnerorganisationer som medfinansieras av Europeiska unionens program f\u00f6r ett digitalt Europa enligt bidragsavtal nr 101226136.<\/p>\n<p><strong>Projektsamordnare:<\/strong> Alliansen f\u00f6r spr\u00e5kteknologi (ALT-Edic)<\/p>\n<p><strong>Plats:<\/strong> 1 plats Aristide Briand, 02600 Villers-Cotter\u00eats, Frankrike<\/p>\n<p><strong>Kontakt E-post:<\/strong> contact@llm-bridge.eu<\/p>\n<p><strong>Publikationsdirekt\u00f6r:<\/strong> Edouard Geoffrois<\/p>\n<p>I enlighet med den allm\u00e4nna dataskyddsf\u00f6rordningen (GDPR) g\u00e4ller f\u00f6ljande: <strong>Projektsamordnare<\/strong> fungerar som den prim\u00e4ra datakontrollanten f\u00f6r webbplatsen, om inte annat anges (se avsnitt 5 om den \u00f6ppna ans\u00f6kningsomg\u00e5ngen).<\/p>\n<h2><strong style=\"font-family: -apple-system, BlinkMacSystemFont, 'Segoe UI', Roboto, 'Helvetica Neue', Arial, 'Noto Sans', sans-serif, 'Apple Color Emoji', 'Segoe UI Emoji', 'Segoe UI Symbol', 'Noto Color Emoji';\">2. Webbhotell<\/strong><\/h2>\n<p>Webbplatsen drivs av: OVH, 2 rue Kellermann, 59100 Roubaix, Frankrike.<\/p>\n<h2><strong style=\"font-family: -apple-system, BlinkMacSystemFont, 'Segoe UI', Roboto, 'Helvetica Neue', Arial, 'Noto Sans', sans-serif, 'Apple Color Emoji', 'Segoe UI Emoji', 'Segoe UI Symbol', 'Noto Color Emoji';\">3. Personuppgifter &amp; M\u00e5lgruppsm\u00e4tning (Matomo)<\/strong><\/h2>\n<p>Vi begr\u00e4nsar insamlingen av personuppgifter till vad som \u00e4r absolut n\u00f6dv\u00e4ndigt f\u00f6r prestanda och analys av webbplatsen.<\/p>\n<p><strong>Matomo Analytics<\/strong><\/p>\n<p>Vi anv\u00e4nder <strong>Matomo<\/strong> Analytics plugin f\u00f6r att f\u00f6rst\u00e5 hur bes\u00f6kare interagerar med v\u00e5r webbplats.<\/p>\n<ul>\n<li><strong>Insamlade uppgifter:<\/strong> Din IP-adress (anonymiserad), geografisk plats (begr\u00e4nsad till stad \/ region) och surfbeteende (sidor som bes\u00f6kts, tid som spenderats).<\/li>\n<li><strong>Syfte:<\/strong> Att ta fram anonym statistik f\u00f6r att f\u00f6rb\u00e4ttra webbplatsens prestanda och rapportera projektets genomslag till Europeiska kommissionen.<\/li>\n<li><strong>Lagring:<\/strong> Uppgifterna lagras p\u00e5 OVH:s servrar och delas inte med parter utanf\u00f6r LLM-BRIDGE-konsortiet eller f\u00f6r kommersiella \u00e4ndam\u00e5l.<\/li>\n<li>\n<p><strong>Samtycke:<\/strong> Genom att bes\u00f6ka v\u00e5r webbplats godk\u00e4nner du v\u00e5r cookiepolicy.\u00a0<\/p>\n<\/li>\n<\/ul>\n<h4><strong>Kontaktformul\u00e4r<\/strong><\/h4>\n<p>Om du kontaktar oss via e-post eller ett kontaktformul\u00e4r samlar vi in ditt namn och din e-postadress enbart f\u00f6r att svara p\u00e5 din f\u00f6rfr\u00e5gan. Dessa uppgifter delas aldrig utanf\u00f6r konsortiet utan ditt samtycke.<\/p>\n<h2><strong>4. Hantering av cookies<\/strong><\/h2>\n<p>V\u00e5r WordPress-webbplats anv\u00e4nder cookies f\u00f6r att f\u00f6rb\u00e4ttra anv\u00e4ndarupplevelsen.<\/p>\n<ul>\n<li>\n<p><strong>N\u00f6dv\u00e4ndiga cookies:<\/strong> Kr\u00e4vs f\u00f6r att webbplatsen ska fungera (t.ex. inloggningssessioner f\u00f6r administrat\u00f6rer). Dessa kr\u00e4ver inte samtycke.<\/p>\n<\/li>\n<li>\n<p><strong>Analytiska cookies (Matomo):<\/strong> Anv\u00e4nds f\u00f6r att m\u00e4ta trafik.<\/p>\n<\/li>\n<li>\n<p><strong>Cookies f\u00f6r sociala medier:<\/strong> Om du anv\u00e4nder LinkedIns delningsfunktioner p\u00e5 v\u00e5r webbplats kan LinkedIn placera cookies p\u00e5 din enhet. Vi rekommenderar att du granskar <a href=\"https:\/\/www.linkedin.com\/legal\/privacy-policy\"><u>LinkedIns integritetspolicy<\/u><\/a>.<\/p>\n<\/li>\n<\/ul>\n<p><strong>S\u00e5 h\u00e4r v\u00e4ljer du bort:<\/strong> Du kan n\u00e4r som helst \u00e4ndra dina inst\u00e4llningar genom att klicka p\u00e5 knappen \u201dCookies\u201d i sidfoten p\u00e5 v\u00e5r webbplats eller genom att anv\u00e4nda inst\u00e4llningen \u201dDo Not Track\u201d (DNT) i din webbl\u00e4sare.<\/p>\n<h2><strong>5. LLM-BRIDGE \u00f6ppen ans\u00f6kningsomg\u00e5ng<\/strong><\/h2>\n<p>LLM-BRIDGE-projektet omfattar flera <strong>\u00d6ppna ans\u00f6kningsomg\u00e5ngar<\/strong> f\u00f6r externa deltagare.\u00a0<\/p>\n<ul>\n<li>\n<p><strong>Omdirigering:<\/strong> N\u00e4r du klickar p\u00e5 \u201dAns\u00f6k nu\u201d eller \u201dAns\u00f6kningsformul\u00e4r\u201d f\u00f6r en \u00f6ppen inbjudan omdirigeras du till en extern plattform, Hubspot.<\/p>\n<\/li>\n<li>\n<p><strong>S\u00e4rskild personuppgiftsansvarig:<\/strong>\u00a0<strong>28DIGITALT<\/strong> fungerar som oberoende personuppgiftsansvarig f\u00f6r alla personuppgifter som samlas in genom den \u00f6ppna ans\u00f6kningsomg\u00e5ngen.<\/p>\n<\/li>\n<li>\n<p><strong>Till\u00e4mpningsomr\u00e5de:<\/strong> LLM-BRIDGE-konsortiets medlemmar (om de har tillst\u00e5nd) och Europeiska kommissionen kommer att ha tillg\u00e5ng till dessa uppgifter f\u00f6r utv\u00e4rderings-, kontrakts- och revisions\u00e4ndam\u00e5l.<\/p>\n<\/li>\n<li>\n<p><strong>Politik:<\/strong> Se den s\u00e4rskilda sekretesspolicyn som finns p\u00e5 den externa applikationsplattformen f\u00f6r mer information om hur dina applikationsuppgifter hanteras.<\/p>\n<\/li>\n<\/ul>\n<h2><strong>6. Datadelning &amp; Lagring<\/strong><\/h2>\n<ul>\n<li>\n<p><strong>Tilltr\u00e4de till konsortiet:<\/strong> Uppgifter f\u00e5r endast delas mellan de tio medlemmarna i LLM-BRIDGE-konsortiet om det \u00e4r n\u00f6dv\u00e4ndigt f\u00f6r projektm\u00e5len.<\/p>\n<\/li>\n<li>\n<p><strong>EU:s skyldigheter:<\/strong> Vi kan dela anonymiserad statistik med Europeiska kommissionen som en del av v\u00e5ra rapporteringsskyldigheter.<\/p>\n<\/li>\n<li>\n<p><strong>Bibeh\u00e5llande:<\/strong> Personuppgifter i samband med f\u00f6rfr\u00e5gningar p\u00e5 webbplatsen sparas under projektets l\u00f6ptid (3 \u00e5r) plus 5 \u00e5r f\u00f6r att uppfylla EU:s revisionskrav.<\/p>\n<\/li>\n<\/ul>\n<h3><strong>LLM-BRIDGE \u00f6ppen ans\u00f6kningsomg\u00e5ng<\/strong><\/h3>\n<p><strong>Datadelning f\u00f6r utv\u00e4rdering:<\/strong> N\u00e4r du ans\u00f6ker om en \u00f6ppen inbjudan samlas dina uppgifter in av <strong>28DIGITALT<\/strong>. F\u00f6r att slutf\u00f6ra projektets urvalsprocess kan dock dessa uppgifter delas med beh\u00f6riga representanter fr\u00e5n <strong>10 medlemmar i LLM-BRIDGE-konsortiet<\/strong> och eventuellt externa oberoende experter.<\/p>\n<p>Denna delning \u00e4r strikt begr\u00e4nsad till f\u00f6ljande syften:<\/p>\n<ul>\n<li>\n<p><strong>Utv\u00e4rdering &amp; Urval:<\/strong> Bed\u00f6mning av ditt f\u00f6rslags st\u00f6dber\u00e4ttigande och kvalitet.<\/p>\n<\/li>\n<li>\n<p><strong>Upphandlande:<\/strong> Utarbeta avtal om ekonomiskt st\u00f6d f\u00f6r godk\u00e4nda s\u00f6kande.<\/p>\n<\/li>\n<li>\n<p><strong>Projektledning:<\/strong> \u00d6vervakning av genomf\u00f6randet av de utvalda projekten.<\/p>\n<\/li>\n<li>\n<p><strong>Granskning &amp; Rapportering:<\/strong> Utbyta n\u00f6dv\u00e4ndig information med Europeiska kommissionen eller revisorer f\u00f6r att bevisa att f\u00f6rdelningen av medel \u00e4r laglig.<\/p>\n<\/li>\n<\/ul>\n<h2><strong>7. Dina r\u00e4ttigheter<\/strong><\/h2>\n<p>Enligt GDPR har du f\u00f6ljande r\u00e4ttigheter n\u00e4r det g\u00e4ller dina uppgifter:<\/p>\n<ul>\n<li>\n<p><strong>\u00c5tkomst och r\u00e4ttelse:<\/strong> Du kan be om en kopia av dina uppgifter eller beg\u00e4ra korrigeringar.<\/p>\n<\/li>\n<li>\n<p><strong>Radering (\u201dR\u00e4tt att bli bortgl\u00f6md\u201d):<\/strong> Du kan beg\u00e4ra att vi raderar dina personuppgifter.<\/p>\n<\/li>\n<li>\n<p><strong>F\u00f6rem\u00e5l f\u00f6r bearbetning:<\/strong> Du kan inv\u00e4nda mot v\u00e5r anv\u00e4ndning av dina uppgifter f\u00f6r statistiska \u00e4ndam\u00e5l.<\/p>\n<\/li>\n<\/ul>\n<p>F\u00f6r att ut\u00f6va dessa r\u00e4ttigheter, kontakta LLM-BRIDGE-konsortiet: contact@llm-bridge.eu<\/p>\n<h2><strong>8. Immateriella r\u00e4ttigheter<\/strong><\/h2>\n<ul>\n<li>\n<p><strong>Varum\u00e4rken:<\/strong> LLM-BRIDGE-logotypen och namnet \u00e4r skyddade. All otill\u00e5ten reproduktion \u00e4r f\u00f6rbjuden.<\/p>\n<\/li>\n<li>\n<p><strong>Inneh\u00e5ll:<\/strong> Om inget annat anges tillh\u00f6r textinneh\u00e5ll och media p\u00e5 denna webbplats LLM-BRIDGE-konsortiet.<\/p>\n<\/li>\n<li>\n<p><strong>Externa l\u00e4nkar:<\/strong> Vi \u00e4r inte ansvariga f\u00f6r inneh\u00e5llet eller sekretesspraxis p\u00e5 externa webbplatser som l\u00e4nkas fr\u00e5n v\u00e5r plattform (inklusive sociala medier och den \u00f6ppna samtalsplattformen).<\/p>\n<\/li>\n<\/ul>\t\t\t\t\t\t\t\t<\/div>\n\t\t\t\t<div class=\"elementor-element elementor-element-de524ee elementor-widget elementor-widget-spacer\" data-id=\"de524ee\" data-element_type=\"widget\" data-widget_type=\"spacer.default\">\n\t\t\t\t\t\t\t<div class=\"elementor-spacer\">\n\t\t\t<div class=\"elementor-spacer-inner\"><\/div>\n\t\t<\/div>\n\t\t\t\t\t\t<\/div>\n\t\t\t\t\t<\/div>\n\t\t\t\t<\/div>\n\t\t\t\t<\/div>","protected":false},"excerpt":{"rendered":"<p>Sekretesspolicy &amp; Juridiska meddelanden: LLM-BRIDGE Senast uppdaterad: januari 2026 1. Utgivare och personuppgiftsansvarig Webbplatsen https:\/\/www.llm-bridge.eu\/ skapades och publicerades av Alliance for Language Technologies (ALT-EDIC), ett konsortium f\u00f6r europeisk digital infrastruktur som inr\u00e4ttades genom Europeiska kommissionens beslut (EU) 2024\/458 och registrerades i Frankrike som en sammanslutning (loi 1901), registrerad under [...]<\/p>","protected":false},"author":1,"featured_media":0,"parent":0,"menu_order":0,"comment_status":"closed","ping_status":"open","template":"","meta":{"footnotes":""},"class_list":["post-3","page","type-page","status-publish","hentry"],"_links":{"self":[{"href":"https:\/\/www.llm-bridge.eu\/sv\/wp-json\/wp\/v2\/pages\/3","targetHints":{"allow":["GET"]}}],"collection":[{"href":"https:\/\/www.llm-bridge.eu\/sv\/wp-json\/wp\/v2\/pages"}],"about":[{"href":"https:\/\/www.llm-bridge.eu\/sv\/wp-json\/wp\/v2\/types\/page"}],"author":[{"embeddable":true,"href":"https:\/\/www.llm-bridge.eu\/sv\/wp-json\/wp\/v2\/users\/1"}],"replies":[{"embeddable":true,"href":"https:\/\/www.llm-bridge.eu\/sv\/wp-json\/wp\/v2\/comments?post=3"}],"version-history":[{"count":6,"href":"https:\/\/www.llm-bridge.eu\/sv\/wp-json\/wp\/v2\/pages\/3\/revisions"}],"predecessor-version":[{"id":612,"href":"https:\/\/www.llm-bridge.eu\/sv\/wp-json\/wp\/v2\/pages\/3\/revisions\/612"}],"wp:attachment":[{"href":"https:\/\/www.llm-bridge.eu\/sv\/wp-json\/wp\/v2\/media?parent=3"}],"curies":[{"name":"wp","href":"https:\/\/api.w.org\/{rel}","templated":true}]}}